{"id":96028,"date":"2025-09-30T15:23:42","date_gmt":"2025-09-30T13:23:42","guid":{"rendered":"https:\/\/ancon.io\/integrering-como\/"},"modified":"2026-01-09T10:12:20","modified_gmt":"2026-01-09T09:12:20","slug":"integrering-como","status":"publish","type":"page","link":"https:\/\/ancon.io\/no\/integrering-como\/","title":{"rendered":"Integrering &#8211; Como"},"content":{"rendered":"<p>[vc_row content_placement=&#8221;middle&#8221; css=&#8221;.vc_custom_1605622148793{padding-top: 60px !important;padding-bottom: 80px !important;}&#8221; responsive_css=&#8221;padding_top_medium:120px|padding_bottom_medium:140px&#8221;][vc_column offset=&#8221;vc_col-md-4&#8243; responsive_css=&#8221;padding_right_large:10%25|padding_bottom_medium:0px&#8221; css=&#8221;.vc_custom_1605622117741{padding-bottom: 40px !important;}&#8221;]<style>.ld_button_69f36fbc7d2d0.btn-icon-solid .btn-icon{background:rgb(0, 0, 0);}.ld_button_69f36fbc7d2d0.btn-icon-circle.btn-icon-ripple .btn-icon:before{border-color:rgb(0, 0, 0);}.ld_button_69f36fbc7d2d0{color:rgb(0, 0, 0);}.ld_button_69f36fbc7d2d0 {font-size:13px; } .ld_button_69f36fbc7d2d0 {letter-spacing:0.1em; } .ld_button_69f36fbc7d2d0 {font-size:13px; } .ld_button_69f36fbc7d2d0 {letter-spacing:0.1em; } .ld_button_69f36fbc7d2d0 {font-size:13px; } .ld_button_69f36fbc7d2d0 {letter-spacing:0.1em; } .ld_button_69f36fbc7d2d0 {font-size:13px; } .ld_button_69f36fbc7d2d0 {letter-spacing:0.1em; } <\/style><a href=\"https:\/\/ancon.io\/integrationer\/\" title=\"Integrationer\" class=\"btn btn-naked text-uppercase btn-hover-swp btn-has-label ld_button_69f36fbc7d2d0 vc_custom_1755853809577\" >\n\t<span>\n\t\n\t\t\t\t\t<span class=\"btn-txt\" data-text=\"Tilbake til Integrasjoner\" >Tilbake til Integrasjoner<\/span>\n\t\t\n\t<span class=\"btn-icon\"><i class=\"lqd-icn-ess icon-md-arrow-back\"><\/i><\/span>\t<span class=\"btn-icon\"><i class=\"lqd-icn-ess icon-md-arrow-back\"><\/i><\/span>\t\t\t<\/span>\n<\/a>\n<style>.ld_fancy_heading_69f36fbc7dd2b .lqd-highlight-inner{height:0.275em!important;bottom:0px!important;}<\/style><div class=\"ld-fancy-heading ld_fancy_heading_69f36fbc7dd2b\">\n\t<h1 class=\"ld-fh-element lqd-highlight-underline lqd-highlight-grow-left text-decoration-default\"   >  Como<\/h1><\/div><style>.ld_fancy_heading_69f36fbc7e7f4 p {margin-bottom:1.5em !important;  } .ld_fancy_heading_69f36fbc7e7f4 .lqd-highlight-inner{height:0.275em!important;bottom:0px!important;}.ld_fancy_heading_69f36fbc7e7f4 p {margin-bottom:1.5em !important;  } <\/style><div class=\"ld-fancy-heading ld_fancy_heading_69f36fbc7e7f4\">\n\t<p class=\"ld-fh-element lqd-highlight-underline lqd-highlight-grow-left text-decoration-default\"   >  <strong>Como<\/strong> bruker AI-algoritmer og kundedata for \u00e5 hjelpe deg med \u00e5 \u00f8ke antall gjenbes\u00f8k, \u00f8ke ordrest\u00f8rrelsen og skape personaliserte kundeopplevelser.<\/p><\/div>[vc_row_inner responsive_css=&#8221;margin_top_large:30px|margin_top_medium:20px|margin_top_small:20px&#8221; css=&#8221;.vc_custom_1755762986853{margin-top: 20px !important;}&#8221;][vc_column_inner]<style>.ld_button_69f36fbc7f1ca.btn-icon-solid .btn-icon{background:#f86c33;}.ld_button_69f36fbc7f1ca.btn-icon-circle.btn-icon-ripple .btn-icon:before{border-color:#f86c33;}.ld_button_69f36fbc7f1ca.btn-icon-solid:hover .btn-icon{background:rgb(255, 255, 255);}.ld_button_69f36fbc7f1ca{background-color:#f86c33;border-color:#f86c33;color:rgb(255, 255, 255);box-shadow:0px 20px 60px 0px rgba(248,85,78,0.21);}.ld_button_69f36fbc7f1ca:hover{background-color:rgb(255, 255, 255);border-color:rgb(255, 255, 255);color:#f86c33;}.ld_button_69f36fbc7f1ca .btn-gradient-bg-hover{background:-webkit-linear-gradient(to right, rgb(255, 255, 255) 0%, rgb(255, 255, 255) 100%);background:linear-gradient(to right, rgb(255, 255, 255) 0%, rgb(255, 255, 255) 100%);}.ld_button_69f36fbc7f1ca .btn-gradient-border defs stop:first-child{stop-color:#f86c33;}.ld_button_69f36fbc7f1ca .btn-gradient-border defs stop:last-child{stop-color:#f86c33;}.ld_button_69f36fbc7f1ca:hover .btn-gradient-border defs stop:first-child{stop-color:rgb(255, 255, 255);}.ld_button_69f36fbc7f1ca:hover .btn-gradient-border defs stop:last-child{stop-color:rgb(255, 255, 255);}<\/style><a href=\"https:\/\/ancon.io\/boka-demo\/\" class=\"btn btn-solid btn-hover-txt-liquid-y circle border-thin btn-has-label ld_button_69f36fbc7f1ca vc_custom_1755853814705\" >\n\t<span>\n\t\n\t\t\t\t\t<span class=\"btn-txt\" data-text=\"Bestill en demo\" data-split-text=\"true\"\n\t\t\t\t\t    data-split-options='{\"type\": \"chars, words\"}'>Bestill en demo<\/span>\n\t\t\n\t\t\t\t\t<\/span>\n<\/a>\n[\/vc_column_inner][\/vc_row_inner][\/vc_column][vc_column column_content_align=&#8221;justify-content-end&#8221; parallax=&#8221;yes&#8221; scale_from_x=&#8221;1&#8243; scale_from_y=&#8221;1&#8243; from_opacity=&#8221;1&#8243; scale_to_x=&#8221;1&#8243; scale_to_y=&#8221;1&#8243; to_opacity=&#8221;1&#8243; offset=&#8221;vc_col-md-offset-2 vc_col-md-5&#8243; translate_to_y=&#8221;0&#8243;]<div id=\"ld_images_group_container_69f36fbc7fe0d\" class=\"lqd-imggrp-container ld_images_group_container_69f36fbc7fe0d\"   data-parallax=\"true\" data-parallax-options='{\"overflowHidden\":false,\"ease\":\"linear\",\"start\":\"top bottom\"}'>\n\t<div class=\"lqd-imggrp-inner\">\n\t\t<div id=\"ld_images_group_element_69f36fbc7ffba\" class=\"lqd-imggrp-single ld_images_group_element_69f36fbc7ffba\" data-shadow-style=\"3\" data-roundness=\"2\" data-inview=\"true\" data-animate-shadow=\"true\" data-hover3d=\"true\"  >\n\t\n\t<div class=\"lqd-imggrp-img-container\" data-stacking-factor=\"5\"   >\n\t\t\n\t\t\t\t\n\t\t\t\t<figure ><img decoding=\"async\" src=\"https:\/\/ancon.io\/wp-content\/uploads\/2024\/03\/intergrationer-logos-como.png\" srcset=\"https:\/\/ancon.io\/wp-content\/uploads\/2024\/03\/intergrationer-logos-como-300x192.png 300w, https:\/\/ancon.io\/wp-content\/uploads\/2024\/03\/intergrationer-logos-como.png 536w\" class=\"\" alt=\"\" \/><\/figure>\t\t\t\t\t\t\t\t\n\t<\/div><!-- \/.lqd-imggrp-content -->\n<\/div><!-- \/.lqd-imggrp-single -->\n\t\n\t<\/div><!-- \/.lqd-imggrp-inner -->\n<\/div><!-- \/.lqd-imggrp-container -->[\/vc_column][\/vc_row][vc_row css=&#8221;.vc_custom_1755854808368{padding-top: 50px !important;background-color: rgba(20,106,125,0.05) !important;*background-color: rgb(20,106,125) !important;}&#8221; responsive_css=&#8221;padding_top_large:100px|padding_top_medium:100px|padding_top_small:50px&#8221;][vc_column width=&#8221;1\/2&#8243; responsive_css=&#8221;margin_bottom_large:20px|margin_bottom_medium:20px|margin_bottom_small:20px&#8221; css=&#8221;.vc_custom_1755768349547{margin-bottom: 20px !important;}&#8221;][vc_single_image image=&#8221;95830&#8243; alignment=&#8221;center&#8221;][\/vc_column][vc_column width=&#8221;1\/2&#8243;]<style>.ld_fancy_heading_69f36fbc80e59 h4 {margin-bottom:15px !important;  } @media (min-width: 768px) { .ld_fancy_heading_69f36fbc80e59 h4 {margin-bottom:20px !important;  }  } @media (min-width: 992px) { .ld_fancy_heading_69f36fbc80e59 h4 {margin-bottom:20px !important;  }  } @media (min-width: 1200px) { .ld_fancy_heading_69f36fbc80e59 h4 {margin-bottom:20px !important;  }  } .ld_fancy_heading_69f36fbc80e59 .lqd-highlight-inner{height:0.275em!important;bottom:0px!important;}.ld_fancy_heading_69f36fbc80e59 h4 {margin-bottom:15px !important;  } @media (min-width: 768px) { .ld_fancy_heading_69f36fbc80e59 h4 {margin-bottom:20px !important;  }  } @media (min-width: 992px) { .ld_fancy_heading_69f36fbc80e59 h4 {margin-bottom:20px !important;  }  } @media (min-width: 1200px) { .ld_fancy_heading_69f36fbc80e59 h4 {margin-bottom:20px !important;  }  } <\/style><div class=\"ld-fancy-heading ld_fancy_heading_69f36fbc80e59\">\n\t<h4 class=\"ld-fh-element lqd-highlight-underline lqd-highlight-grow-left text-decoration-default\"   >  Slik fungerer integrering<\/h4><\/div><style>.ld_fancy_heading_69f36fbc817bc .lqd-highlight-inner{height:0.275em!important;bottom:0px!important;}<\/style><div class=\"ld-fancy-heading ld_fancy_heading_69f36fbc817bc\">\n\t<p class=\"ld-fh-element lqd-highlight-underline lqd-highlight-grow-left text-decoration-default\"   >  <\/p>\n<p class=\"whitespace-normal break-words\">Med integrasjonen mellom <strong>Ancon<\/strong> og <strong>Como<\/strong> synkroniseres kundedata og kj\u00f8psinformasjon fra kassasystemet direkte med Comos plattform. Det betyr at alle gjestenes kj\u00f8p automatisk kobles til kundeprofilen deres, slik at de kan f\u00e5 personaliserte tilbud og lojalitetsbel\u00f8nninger. <\/p>\n<p class=\"whitespace-normal break-words\">Integrasjonen muliggj\u00f8r automatisert poengberegning, m\u00e5lrettede markedsf\u00f8ringskampanjer og AI-drevne kundeanalyser &#8211; noe som skaper sterkere kunderelasjoner og \u00f8ker antall gjenbes\u00f8k.<\/p>\n<p><strong>Resultatet er forn\u00f8yde kunder, noe som f\u00f8rer til gjentatte forretninger og \u00f8kte inntekter.<\/strong><\/p><\/div>[\/vc_column][\/vc_row][vc_row][vc_column][vc_video link=&#8221;https:\/\/www.youtube.com\/watch?v=PM_w4oRT8nI&#8221; el_width=&#8221;50&#8243; align=&#8221;center&#8221; css=&#8221;.vc_custom_1767884486297{margin-top: 20px !important;}&#8221;][\/vc_column][\/vc_row][vc_row disable_element=&#8221;yes&#8221; css=&#8221;.vc_custom_1756994381615{margin-bottom: 100px !important;}&#8221; responsive_css=&#8221;padding_top_large:50px|padding_top_medium:50px|padding_top_small:50px&#8221;][vc_column][vc_row_inner][vc_column_inner css=&#8221;.vc_custom_1755784557545{margin-top: 10px !important;margin-bottom: 50px !important;}&#8221;]<style>.ld_fancy_heading_69f36fbc8223f .lqd-highlight-inner{height:0.275em!important;bottom:0px!important;}<\/style><div class=\"ld-fancy-heading ld_fancy_heading_69f36fbc8223f\">\n\t<h3 class=\"ld-fh-element lqd-highlight-underline lqd-highlight-grow-left text-decoration-default\"   >  Kunder som bruker integrasjonen:<\/h3><\/div>[\/vc_column_inner][vc_column_inner width=&#8221;1\/3&#8243;][vc_single_image image=&#8221;95104&#8243; img_size=&#8221;medium&#8221;][\/vc_column_inner][vc_column_inner width=&#8221;1\/3&#8243;][vc_single_image image=&#8221;92673&#8243; img_size=&#8221;medium&#8221;][\/vc_column_inner][vc_column_inner width=&#8221;1\/3&#8243;][vc_single_image image=&#8221;95111&#8243; img_size=&#8221;medium&#8221;][\/vc_column_inner][\/vc_row_inner][\/vc_column][\/vc_row]<\/p>\n","protected":false},"excerpt":{"rendered":"<p>[vc_row content_placement=&#8221;middle&#8221; css=&#8221;.vc_custom_1605622148793{padding-top: 60px !important;padding-bottom: 80px !important;}&#8221; responsive_css=&#8221;padding_top_medium:120px|padding_bottom_medium:140px&#8221;][vc_column offset=&#8221;vc_col-md-4&#8243; responsive_css=&#8221;padding_right_large:10%25|padding_bottom_medium:0px&#8221; css=&#8221;.vc_custom_1605622117741{padding-bottom: 40px !important;}&#8221;][vc_row_inner responsive_css=&#8221;margin_top_large:30px|margin_top_medium:20px|margin_top_small:20px&#8221; css=&#8221;.vc_custom_1755762986853{margin-top: 20px !important;}&#8221;][vc_column_inner][\/vc_column_inner][\/vc_row_inner][\/vc_column][vc_column column_content_align=&#8221;justify-content-end&#8221; parallax=&#8221;yes&#8221; scale_from_x=&#8221;1&#8243; scale_from_y=&#8221;1&#8243; from_opacity=&#8221;1&#8243; scale_to_x=&#8221;1&#8243; scale_to_y=&#8221;1&#8243; to_opacity=&#8221;1&#8243; offset=&#8221;vc_col-md-offset-2 vc_col-md-5&#8243; translate_to_y=&#8221;0&#8243;][\/vc_column][\/vc_row][vc_row css=&#8221;.vc_custom_1755854808368{padding-top: 50px !important;background-color: rgba(20,106,125,0.05) !important;*background-color: rgb(20,106,125) !important;}&#8221; responsive_css=&#8221;padding_top_large:100px|padding_top_medium:100px|padding_top_small:50px&#8221;][vc_column width=&#8221;1\/2&#8243; responsive_css=&#8221;margin_bottom_large:20px|margin_bottom_medium:20px|margin_bottom_small:20px&#8221; css=&#8221;.vc_custom_1755768349547{margin-bottom: 20px !important;}&#8221;][vc_single_image image=&#8221;95830&#8243; alignment=&#8221;center&#8221;][\/vc_column][vc_column width=&#8221;1\/2&#8243;][\/vc_column][\/vc_row][vc_row][vc_column][vc_video link=&#8221;https:\/\/www.youtube.com\/watch?v=PM_w4oRT8nI&#8221; el_width=&#8221;50&#8243; align=&#8221;center&#8221; css=&#8221;.vc_custom_1767884486297{margin-top: 20px !important;}&#8221;][\/vc_column][\/vc_row][vc_row disable_element=&#8221;yes&#8221; css=&#8221;.vc_custom_1756994381615{margin-bottom: 100px !important;}&#8221; responsive_css=&#8221;padding_top_large:50px|padding_top_medium:50px|padding_top_small:50px&#8221;][vc_column][vc_row_inner][vc_column_inner [&hellip;]<\/p>\n","protected":false},"author":5,"featured_media":96033,"parent":0,"menu_order":0,"comment_status":"closed","ping_status":"closed","template":"","meta":{"footnotes":""},"class_list":["post-96028","page","type-page","status-publish","has-post-thumbnail","hentry"],"yoast_head":"<!-- This site is optimized with the Yoast SEO plugin v27.4 - https:\/\/yoast.com\/product\/yoast-seo-wordpress\/ -->\n<title>Integrering - Como - ANCON<\/title>\n<meta name=\"description\" content=\"\u00d8k kundetilfredsheten og f\u00e5 h\u00f8yere gjennomsnittsfakturaer med integrasjonen mellom Como og Ancon. Synkroniser kundedata og kj\u00f8p automatisk i kassen.\" \/>\n<meta name=\"robots\" content=\"index, follow, max-snippet:-1, max-image-preview:large, max-video-preview:-1\" \/>\n<link rel=\"canonical\" href=\"https:\/\/ancon.io\/no\/integrering-como\/\" \/>\n<meta property=\"og:locale\" content=\"nb_NO\" \/>\n<meta property=\"og:type\" content=\"article\" \/>\n<meta property=\"og:title\" content=\"Integrering - Como - ANCON\" \/>\n<meta property=\"og:description\" content=\"\u00d8k kundetilfredsheten og f\u00e5 h\u00f8yere gjennomsnittsfakturaer med integrasjonen mellom Como og Ancon. Synkroniser kundedata og kj\u00f8p automatisk i kassen.\" \/>\n<meta property=\"og:url\" content=\"https:\/\/ancon.io\/no\/integrering-como\/\" \/>\n<meta property=\"og:site_name\" content=\"ANCON\" \/>\n<meta property=\"article:publisher\" content=\"https:\/\/www.facebook.com\/AnconKassasystem\" \/>\n<meta property=\"article:modified_time\" content=\"2026-01-09T09:12:20+00:00\" \/>\n<meta property=\"og:image\" content=\"https:\/\/ancon.io\/wp-content\/uploads\/2026\/01\/comogoogle-e1767884142531.png\" \/>\n\t<meta property=\"og:image:width\" content=\"1354\" \/>\n\t<meta property=\"og:image:height\" content=\"1043\" \/>\n\t<meta property=\"og:image:type\" content=\"image\/png\" \/>\n<meta name=\"twitter:card\" content=\"summary_large_image\" \/>\n<meta name=\"twitter:label1\" content=\"Ansl. lesetid\" \/>\n\t<meta name=\"twitter:data1\" content=\"3 minutter\" \/>\n<script type=\"application\/ld+json\" class=\"yoast-schema-graph\">{\"@context\":\"https:\\\/\\\/schema.org\",\"@graph\":[{\"@type\":\"WebPage\",\"@id\":\"https:\\\/\\\/ancon.io\\\/no\\\/integrering-como\\\/\",\"url\":\"https:\\\/\\\/ancon.io\\\/no\\\/integrering-como\\\/\",\"name\":\"Integrering - Como - ANCON\",\"isPartOf\":{\"@id\":\"https:\\\/\\\/ancon.io\\\/no\\\/#website\"},\"primaryImageOfPage\":{\"@id\":\"https:\\\/\\\/ancon.io\\\/no\\\/integrering-como\\\/#primaryimage\"},\"image\":{\"@id\":\"https:\\\/\\\/ancon.io\\\/no\\\/integrering-como\\\/#primaryimage\"},\"thumbnailUrl\":\"https:\\\/\\\/ancon.io\\\/wp-content\\\/uploads\\\/2026\\\/01\\\/comogoogle-e1767884142531.png\",\"datePublished\":\"2025-09-30T13:23:42+00:00\",\"dateModified\":\"2026-01-09T09:12:20+00:00\",\"description\":\"\u00d8k kundetilfredsheten og f\u00e5 h\u00f8yere gjennomsnittsfakturaer med integrasjonen mellom Como og Ancon. Synkroniser kundedata og kj\u00f8p automatisk i kassen.\",\"breadcrumb\":{\"@id\":\"https:\\\/\\\/ancon.io\\\/no\\\/integrering-como\\\/#breadcrumb\"},\"inLanguage\":\"nb-NO\",\"potentialAction\":[{\"@type\":\"ReadAction\",\"target\":[\"https:\\\/\\\/ancon.io\\\/no\\\/integrering-como\\\/\"]}]},{\"@type\":\"ImageObject\",\"inLanguage\":\"nb-NO\",\"@id\":\"https:\\\/\\\/ancon.io\\\/no\\\/integrering-como\\\/#primaryimage\",\"url\":\"https:\\\/\\\/ancon.io\\\/wp-content\\\/uploads\\\/2026\\\/01\\\/comogoogle-e1767884142531.png\",\"contentUrl\":\"https:\\\/\\\/ancon.io\\\/wp-content\\\/uploads\\\/2026\\\/01\\\/comogoogle-e1767884142531.png\",\"width\":1354,\"height\":1043},{\"@type\":\"BreadcrumbList\",\"@id\":\"https:\\\/\\\/ancon.io\\\/no\\\/integrering-como\\\/#breadcrumb\",\"itemListElement\":[{\"@type\":\"ListItem\",\"position\":1,\"name\":\"Home\",\"item\":\"https:\\\/\\\/ancon.io\\\/no\\\/\"},{\"@type\":\"ListItem\",\"position\":2,\"name\":\"Integrering &#8211; Como\"}]},{\"@type\":\"WebSite\",\"@id\":\"https:\\\/\\\/ancon.io\\\/no\\\/#website\",\"url\":\"https:\\\/\\\/ancon.io\\\/no\\\/\",\"name\":\"ANCON\",\"description\":\"\",\"publisher\":{\"@id\":\"https:\\\/\\\/ancon.io\\\/no\\\/#organization\"},\"potentialAction\":[{\"@type\":\"SearchAction\",\"target\":{\"@type\":\"EntryPoint\",\"urlTemplate\":\"https:\\\/\\\/ancon.io\\\/no\\\/?s={search_term_string}\"},\"query-input\":{\"@type\":\"PropertyValueSpecification\",\"valueRequired\":true,\"valueName\":\"search_term_string\"}}],\"inLanguage\":\"nb-NO\"},{\"@type\":\"Organization\",\"@id\":\"https:\\\/\\\/ancon.io\\\/no\\\/#organization\",\"name\":\"ANCON\",\"url\":\"https:\\\/\\\/ancon.io\\\/no\\\/\",\"logo\":{\"@type\":\"ImageObject\",\"inLanguage\":\"nb-NO\",\"@id\":\"https:\\\/\\\/ancon.io\\\/no\\\/#\\\/schema\\\/logo\\\/image\\\/\",\"url\":\"https:\\\/\\\/ancon.io\\\/wp-content\\\/uploads\\\/2024\\\/03\\\/Ancon.svg\",\"contentUrl\":\"https:\\\/\\\/ancon.io\\\/wp-content\\\/uploads\\\/2024\\\/03\\\/Ancon.svg\",\"width\":138,\"height\":58,\"caption\":\"ANCON\"},\"image\":{\"@id\":\"https:\\\/\\\/ancon.io\\\/no\\\/#\\\/schema\\\/logo\\\/image\\\/\"},\"sameAs\":[\"https:\\\/\\\/www.facebook.com\\\/AnconKassasystem\",\"https:\\\/\\\/www.instagram.com\\\/ancon.io\"]}]}<\/script>\n<!-- \/ Yoast SEO plugin. -->","yoast_head_json":{"title":"Integrering - Como - ANCON","description":"\u00d8k kundetilfredsheten og f\u00e5 h\u00f8yere gjennomsnittsfakturaer med integrasjonen mellom Como og Ancon. Synkroniser kundedata og kj\u00f8p automatisk i kassen.","robots":{"index":"index","follow":"follow","max-snippet":"max-snippet:-1","max-image-preview":"max-image-preview:large","max-video-preview":"max-video-preview:-1"},"canonical":"https:\/\/ancon.io\/no\/integrering-como\/","og_locale":"nb_NO","og_type":"article","og_title":"Integrering - Como - ANCON","og_description":"\u00d8k kundetilfredsheten og f\u00e5 h\u00f8yere gjennomsnittsfakturaer med integrasjonen mellom Como og Ancon. Synkroniser kundedata og kj\u00f8p automatisk i kassen.","og_url":"https:\/\/ancon.io\/no\/integrering-como\/","og_site_name":"ANCON","article_publisher":"https:\/\/www.facebook.com\/AnconKassasystem","article_modified_time":"2026-01-09T09:12:20+00:00","og_image":[{"width":1354,"height":1043,"url":"https:\/\/ancon.io\/wp-content\/uploads\/2026\/01\/comogoogle-e1767884142531.png","type":"image\/png"}],"twitter_card":"summary_large_image","twitter_misc":{"Ansl. lesetid":"3 minutter"},"schema":{"@context":"https:\/\/schema.org","@graph":[{"@type":"WebPage","@id":"https:\/\/ancon.io\/no\/integrering-como\/","url":"https:\/\/ancon.io\/no\/integrering-como\/","name":"Integrering - Como - ANCON","isPartOf":{"@id":"https:\/\/ancon.io\/no\/#website"},"primaryImageOfPage":{"@id":"https:\/\/ancon.io\/no\/integrering-como\/#primaryimage"},"image":{"@id":"https:\/\/ancon.io\/no\/integrering-como\/#primaryimage"},"thumbnailUrl":"https:\/\/ancon.io\/wp-content\/uploads\/2026\/01\/comogoogle-e1767884142531.png","datePublished":"2025-09-30T13:23:42+00:00","dateModified":"2026-01-09T09:12:20+00:00","description":"\u00d8k kundetilfredsheten og f\u00e5 h\u00f8yere gjennomsnittsfakturaer med integrasjonen mellom Como og Ancon. Synkroniser kundedata og kj\u00f8p automatisk i kassen.","breadcrumb":{"@id":"https:\/\/ancon.io\/no\/integrering-como\/#breadcrumb"},"inLanguage":"nb-NO","potentialAction":[{"@type":"ReadAction","target":["https:\/\/ancon.io\/no\/integrering-como\/"]}]},{"@type":"ImageObject","inLanguage":"nb-NO","@id":"https:\/\/ancon.io\/no\/integrering-como\/#primaryimage","url":"https:\/\/ancon.io\/wp-content\/uploads\/2026\/01\/comogoogle-e1767884142531.png","contentUrl":"https:\/\/ancon.io\/wp-content\/uploads\/2026\/01\/comogoogle-e1767884142531.png","width":1354,"height":1043},{"@type":"BreadcrumbList","@id":"https:\/\/ancon.io\/no\/integrering-como\/#breadcrumb","itemListElement":[{"@type":"ListItem","position":1,"name":"Home","item":"https:\/\/ancon.io\/no\/"},{"@type":"ListItem","position":2,"name":"Integrering &#8211; Como"}]},{"@type":"WebSite","@id":"https:\/\/ancon.io\/no\/#website","url":"https:\/\/ancon.io\/no\/","name":"ANCON","description":"","publisher":{"@id":"https:\/\/ancon.io\/no\/#organization"},"potentialAction":[{"@type":"SearchAction","target":{"@type":"EntryPoint","urlTemplate":"https:\/\/ancon.io\/no\/?s={search_term_string}"},"query-input":{"@type":"PropertyValueSpecification","valueRequired":true,"valueName":"search_term_string"}}],"inLanguage":"nb-NO"},{"@type":"Organization","@id":"https:\/\/ancon.io\/no\/#organization","name":"ANCON","url":"https:\/\/ancon.io\/no\/","logo":{"@type":"ImageObject","inLanguage":"nb-NO","@id":"https:\/\/ancon.io\/no\/#\/schema\/logo\/image\/","url":"https:\/\/ancon.io\/wp-content\/uploads\/2024\/03\/Ancon.svg","contentUrl":"https:\/\/ancon.io\/wp-content\/uploads\/2024\/03\/Ancon.svg","width":138,"height":58,"caption":"ANCON"},"image":{"@id":"https:\/\/ancon.io\/no\/#\/schema\/logo\/image\/"},"sameAs":["https:\/\/www.facebook.com\/AnconKassasystem","https:\/\/www.instagram.com\/ancon.io"]}]}},"_links":{"self":[{"href":"https:\/\/ancon.io\/no\/wp-json\/wp\/v2\/pages\/96028","targetHints":{"allow":["GET"]}}],"collection":[{"href":"https:\/\/ancon.io\/no\/wp-json\/wp\/v2\/pages"}],"about":[{"href":"https:\/\/ancon.io\/no\/wp-json\/wp\/v2\/types\/page"}],"author":[{"embeddable":true,"href":"https:\/\/ancon.io\/no\/wp-json\/wp\/v2\/users\/5"}],"replies":[{"embeddable":true,"href":"https:\/\/ancon.io\/no\/wp-json\/wp\/v2\/comments?post=96028"}],"version-history":[{"count":10,"href":"https:\/\/ancon.io\/no\/wp-json\/wp\/v2\/pages\/96028\/revisions"}],"predecessor-version":[{"id":96104,"href":"https:\/\/ancon.io\/no\/wp-json\/wp\/v2\/pages\/96028\/revisions\/96104"}],"wp:featuredmedia":[{"embeddable":true,"href":"https:\/\/ancon.io\/no\/wp-json\/wp\/v2\/media\/96033"}],"wp:attachment":[{"href":"https:\/\/ancon.io\/no\/wp-json\/wp\/v2\/media?parent=96028"}],"curies":[{"name":"wp","href":"https:\/\/api.w.org\/{rel}","templated":true}]}}