{"id":95816,"date":"2025-11-28T15:27:13","date_gmt":"2025-11-28T14:27:13","guid":{"rendered":"https:\/\/ancon.io\/integrering-bokabord\/"},"modified":"2026-01-08T15:34:46","modified_gmt":"2026-01-08T14:34:46","slug":"integrering-bokabord","status":"publish","type":"page","link":"https:\/\/ancon.io\/no\/integrering-bokabord\/","title":{"rendered":"Integrering &#8211; BokaBord"},"content":{"rendered":"<p>[vc_row content_placement=&#8221;middle&#8221; css=&#8221;.vc_custom_1605622148793{padding-top: 60px !important;padding-bottom: 80px !important;}&#8221; responsive_css=&#8221;padding_top_medium:120px|padding_bottom_medium:140px&#8221;][vc_column offset=&#8221;vc_col-md-4&#8243; responsive_css=&#8221;padding_right_large:10%25|padding_bottom_medium:0px&#8221; css=&#8221;.vc_custom_1605622117741{padding-bottom: 40px !important;}&#8221;]<style>.ld_button_69e1d1bc5d7f5.btn-icon-solid .btn-icon{background:rgb(0, 0, 0);}.ld_button_69e1d1bc5d7f5.btn-icon-circle.btn-icon-ripple .btn-icon:before{border-color:rgb(0, 0, 0);}.ld_button_69e1d1bc5d7f5{color:rgb(0, 0, 0);}.ld_button_69e1d1bc5d7f5 {font-size:13px; } .ld_button_69e1d1bc5d7f5 {letter-spacing:0.1em; } .ld_button_69e1d1bc5d7f5 {font-size:13px; } .ld_button_69e1d1bc5d7f5 {letter-spacing:0.1em; } .ld_button_69e1d1bc5d7f5 {font-size:13px; } .ld_button_69e1d1bc5d7f5 {letter-spacing:0.1em; } .ld_button_69e1d1bc5d7f5 {font-size:13px; } .ld_button_69e1d1bc5d7f5 {letter-spacing:0.1em; } <\/style><a href=\"https:\/\/ancon.io\/integrationer\/\" title=\"Integrationer\" class=\"btn btn-naked text-uppercase btn-hover-swp btn-has-label ld_button_69e1d1bc5d7f5 vc_custom_1755853809577\" >\n\t<span>\n\t\n\t\t\t\t\t<span class=\"btn-txt\" data-text=\"Tilbake til Integrasjoner\" >Tilbake til Integrasjoner<\/span>\n\t\t\n\t<span class=\"btn-icon\"><i class=\"lqd-icn-ess icon-md-arrow-back\"><\/i><\/span>\t<span class=\"btn-icon\"><i class=\"lqd-icn-ess icon-md-arrow-back\"><\/i><\/span>\t\t\t<\/span>\n<\/a>\n<style>.ld_fancy_heading_69e1d1bc5e160 .lqd-highlight-inner{height:0.275em!important;bottom:0px!important;}<\/style><div class=\"ld-fancy-heading ld_fancy_heading_69e1d1bc5e160\">\n\t<h1 class=\"ld-fh-element lqd-highlight-underline lqd-highlight-grow-left text-decoration-default\"   >  BokaBord<\/h1><\/div><style>.ld_fancy_heading_69e1d1bc5ea36 p {margin-bottom:1.5em !important;  } .ld_fancy_heading_69e1d1bc5ea36 .lqd-highlight-inner{height:0.275em!important;bottom:0px!important;}.ld_fancy_heading_69e1d1bc5ea36 p {margin-bottom:1.5em !important;  } <\/style><div class=\"ld-fancy-heading ld_fancy_heading_69e1d1bc5ea36\">\n\t<p class=\"ld-fh-element lqd-highlight-underline lqd-highlight-grow-left text-decoration-default\"   >  <strong>BokaBord<\/strong> er Sveriges st\u00f8rste bookingside for restaurantbes\u00f8k. Via bokabord.se og BokaBord-appen henviser de en million gjester til WaiterAid-tilknyttede restauranter hvert \u00e5r.<\/p><\/div>[vc_row_inner responsive_css=&#8221;margin_top_large:30px|margin_top_medium:20px|margin_top_small:20px&#8221; css=&#8221;.vc_custom_1755762986853{margin-top: 20px !important;}&#8221;][vc_column_inner]<style>.ld_button_69e1d1bc5f18e.btn-icon-solid .btn-icon{background:#f86c33;}.ld_button_69e1d1bc5f18e.btn-icon-circle.btn-icon-ripple .btn-icon:before{border-color:#f86c33;}.ld_button_69e1d1bc5f18e.btn-icon-solid:hover .btn-icon{background:rgb(255, 255, 255);}.ld_button_69e1d1bc5f18e{background-color:#f86c33;border-color:#f86c33;color:rgb(255, 255, 255);box-shadow:0px 20px 60px 0px rgba(248,85,78,0.21);}.ld_button_69e1d1bc5f18e:hover{background-color:rgb(255, 255, 255);border-color:rgb(255, 255, 255);color:#f86c33;}.ld_button_69e1d1bc5f18e .btn-gradient-bg-hover{background:-webkit-linear-gradient(to right, rgb(255, 255, 255) 0%, rgb(255, 255, 255) 100%);background:linear-gradient(to right, rgb(255, 255, 255) 0%, rgb(255, 255, 255) 100%);}.ld_button_69e1d1bc5f18e .btn-gradient-border defs stop:first-child{stop-color:#f86c33;}.ld_button_69e1d1bc5f18e .btn-gradient-border defs stop:last-child{stop-color:#f86c33;}.ld_button_69e1d1bc5f18e:hover .btn-gradient-border defs stop:first-child{stop-color:rgb(255, 255, 255);}.ld_button_69e1d1bc5f18e:hover .btn-gradient-border defs stop:last-child{stop-color:rgb(255, 255, 255);}<\/style><a href=\"https:\/\/ancon.io\/boka-demo\/\" class=\"btn btn-solid btn-hover-txt-liquid-y circle border-thin btn-has-label ld_button_69e1d1bc5f18e vc_custom_1755853814705\" >\n\t<span>\n\t\n\t\t\t\t\t<span class=\"btn-txt\" data-text=\"Bestill en demo\" data-split-text=\"true\"\n\t\t\t\t\t    data-split-options='{\"type\": \"chars, words\"}'>Bestill en demo<\/span>\n\t\t\n\t\t\t\t\t<\/span>\n<\/a>\n[\/vc_column_inner][\/vc_row_inner][\/vc_column][vc_column column_content_align=&#8221;justify-content-end&#8221; parallax=&#8221;yes&#8221; scale_from_x=&#8221;1&#8243; scale_from_y=&#8221;1&#8243; from_opacity=&#8221;1&#8243; scale_to_x=&#8221;1&#8243; scale_to_y=&#8221;1&#8243; to_opacity=&#8221;1&#8243; offset=&#8221;vc_col-md-offset-2 vc_col-md-5&#8243; translate_to_y=&#8221;0&#8243;]<div id=\"ld_images_group_container_69e1d1bc5f919\" class=\"lqd-imggrp-container ld_images_group_container_69e1d1bc5f919\"   data-parallax=\"true\" data-parallax-options='{\"overflowHidden\":false,\"ease\":\"linear\",\"start\":\"top bottom\"}'>\n\t<div class=\"lqd-imggrp-inner\">\n\t\t<div id=\"ld_images_group_element_69e1d1bc5fa62\" class=\"lqd-imggrp-single ld_images_group_element_69e1d1bc5fa62\" data-shadow-style=\"3\" data-roundness=\"2\" data-inview=\"true\" data-animate-shadow=\"true\" data-hover3d=\"true\"  >\n\t\n\t<div class=\"lqd-imggrp-img-container\" data-stacking-factor=\"5\"   >\n\t\t\n\t\t\t\t\n\t\t\t\t<figure ><img decoding=\"async\" src=\"https:\/\/ancon.io\/wp-content\/uploads\/2025\/06\/bokabord-logo-ancon.jpg\" srcset=\"https:\/\/ancon.io\/wp-content\/uploads\/2025\/06\/bokabord-logo-ancon-300x191.jpg 300w, https:\/\/ancon.io\/wp-content\/uploads\/2025\/06\/bokabord-logo-ancon.jpg 536w\" class=\"\" alt=\"\" \/><\/figure>\t\t\t\t\t\t\t\t\n\t<\/div><!-- \/.lqd-imggrp-content -->\n<\/div><!-- \/.lqd-imggrp-single -->\n\t\n\t<\/div><!-- \/.lqd-imggrp-inner -->\n<\/div><!-- \/.lqd-imggrp-container -->[\/vc_column][\/vc_row][vc_row css=&#8221;.vc_custom_1755854808368{padding-top: 50px !important;background-color: rgba(20,106,125,0.05) !important;*background-color: rgb(20,106,125) !important;}&#8221; responsive_css=&#8221;padding_top_large:100px|padding_top_medium:100px|padding_top_small:50px&#8221;][vc_column width=&#8221;1\/2&#8243; responsive_css=&#8221;margin_bottom_large:20px|margin_bottom_medium:20px|margin_bottom_small:20px&#8221; css=&#8221;.vc_custom_1755768349547{margin-bottom: 20px !important;}&#8221;][vc_single_image image=&#8221;95581&#8243; img_size=&#8221;large&#8221; alignment=&#8221;center&#8221;][\/vc_column][vc_column width=&#8221;1\/2&#8243;]<style>.ld_fancy_heading_69e1d1bc606da h4 {margin-bottom:15px !important;  } @media (min-width: 768px) { .ld_fancy_heading_69e1d1bc606da h4 {margin-bottom:20px !important;  }  } @media (min-width: 992px) { .ld_fancy_heading_69e1d1bc606da h4 {margin-bottom:20px !important;  }  } @media (min-width: 1200px) { .ld_fancy_heading_69e1d1bc606da h4 {margin-bottom:20px !important;  }  } .ld_fancy_heading_69e1d1bc606da .lqd-highlight-inner{height:0.275em!important;bottom:0px!important;}.ld_fancy_heading_69e1d1bc606da h4 {margin-bottom:15px !important;  } @media (min-width: 768px) { .ld_fancy_heading_69e1d1bc606da h4 {margin-bottom:20px !important;  }  } @media (min-width: 992px) { .ld_fancy_heading_69e1d1bc606da h4 {margin-bottom:20px !important;  }  } @media (min-width: 1200px) { .ld_fancy_heading_69e1d1bc606da h4 {margin-bottom:20px !important;  }  } <\/style><div class=\"ld-fancy-heading ld_fancy_heading_69e1d1bc606da\">\n\t<h4 class=\"ld-fh-element lqd-highlight-underline lqd-highlight-grow-left text-decoration-default\"   >  Slik fungerer integrering<\/h4><\/div><style>.ld_fancy_heading_69e1d1bc60ffb .lqd-highlight-inner{height:0.275em!important;bottom:0px!important;}<\/style><div class=\"ld-fancy-heading ld_fancy_heading_69e1d1bc60ffb\">\n\t<p class=\"ld-fh-element lqd-highlight-underline lqd-highlight-grow-left text-decoration-default\"   >  <\/p>\n<p class=\"whitespace-normal break-words\">Med integrasjonen til <strong>BokaBord<\/strong> kan du enkelt holde oversikt over bestillingene dine. N\u00e5r en gjest gj\u00f8r en reservasjon, synkroniseres den automatisk med bordkartet i Ancon POS. Personalet kan enkelt se kommende bestillinger, planlegge bordtildelinger og optimalisere kapasiteten i restauranten. Systemet reduserer det administrative arbeidet og gir gjestene en smidig bookingopplevelse med bekreftelse direkte i systemet.   <\/p>\n<p>&nbsp;<\/p>\n<p>Resultatet: Feilfri bookingadministrasjon med mindre administrasjon og forn\u00f8yde gjester.<\/p><\/div>[\/vc_column][\/vc_row][vc_row disable_element=&#8221;yes&#8221; css=&#8221;.vc_custom_1756994381615{margin-bottom: 100px !important;}&#8221; responsive_css=&#8221;padding_top_large:50px|padding_top_medium:50px|padding_top_small:50px&#8221;][vc_column][vc_row_inner][vc_column_inner css=&#8221;.vc_custom_1755784557545{margin-top: 10px !important;margin-bottom: 50px !important;}&#8221;]<style>.ld_fancy_heading_69e1d1bc61811 .lqd-highlight-inner{height:0.275em!important;bottom:0px!important;}<\/style><div class=\"ld-fancy-heading ld_fancy_heading_69e1d1bc61811\">\n\t<h3 class=\"ld-fh-element lqd-highlight-underline lqd-highlight-grow-left text-decoration-default\"   >  Kunder som bruker integrasjonen:<\/h3><\/div>[\/vc_column_inner][vc_column_inner width=&#8221;1\/3&#8243;][vc_single_image image=&#8221;95104&#8243; img_size=&#8221;medium&#8221;][\/vc_column_inner][vc_column_inner width=&#8221;1\/3&#8243;][vc_single_image image=&#8221;92673&#8243; img_size=&#8221;medium&#8221;][\/vc_column_inner][vc_column_inner width=&#8221;1\/3&#8243;][vc_single_image image=&#8221;95111&#8243; img_size=&#8221;medium&#8221;][\/vc_column_inner][\/vc_row_inner][\/vc_column][\/vc_row]<\/p>\n","protected":false},"excerpt":{"rendered":"<p>[vc_row content_placement=&#8221;middle&#8221; css=&#8221;.vc_custom_1605622148793{padding-top: 60px !important;padding-bottom: 80px !important;}&#8221; responsive_css=&#8221;padding_top_medium:120px|padding_bottom_medium:140px&#8221;][vc_column offset=&#8221;vc_col-md-4&#8243; responsive_css=&#8221;padding_right_large:10%25|padding_bottom_medium:0px&#8221; css=&#8221;.vc_custom_1605622117741{padding-bottom: 40px !important;}&#8221;][vc_row_inner responsive_css=&#8221;margin_top_large:30px|margin_top_medium:20px|margin_top_small:20px&#8221; css=&#8221;.vc_custom_1755762986853{margin-top: 20px !important;}&#8221;][vc_column_inner][\/vc_column_inner][\/vc_row_inner][\/vc_column][vc_column column_content_align=&#8221;justify-content-end&#8221; parallax=&#8221;yes&#8221; scale_from_x=&#8221;1&#8243; scale_from_y=&#8221;1&#8243; from_opacity=&#8221;1&#8243; scale_to_x=&#8221;1&#8243; scale_to_y=&#8221;1&#8243; to_opacity=&#8221;1&#8243; offset=&#8221;vc_col-md-offset-2 vc_col-md-5&#8243; translate_to_y=&#8221;0&#8243;][\/vc_column][\/vc_row][vc_row css=&#8221;.vc_custom_1755854808368{padding-top: 50px !important;background-color: rgba(20,106,125,0.05) !important;*background-color: rgb(20,106,125) !important;}&#8221; responsive_css=&#8221;padding_top_large:100px|padding_top_medium:100px|padding_top_small:50px&#8221;][vc_column width=&#8221;1\/2&#8243; responsive_css=&#8221;margin_bottom_large:20px|margin_bottom_medium:20px|margin_bottom_small:20px&#8221; css=&#8221;.vc_custom_1755768349547{margin-bottom: 20px !important;}&#8221;][vc_single_image image=&#8221;95581&#8243; img_size=&#8221;large&#8221; alignment=&#8221;center&#8221;][\/vc_column][vc_column width=&#8221;1\/2&#8243;][\/vc_column][\/vc_row][vc_row disable_element=&#8221;yes&#8221; css=&#8221;.vc_custom_1756994381615{margin-bottom: 100px !important;}&#8221; responsive_css=&#8221;padding_top_large:50px|padding_top_medium:50px|padding_top_small:50px&#8221;][vc_column][vc_row_inner][vc_column_inner css=&#8221;.vc_custom_1755784557545{margin-top: 10px !important;margin-bottom: 50px !important;}&#8221;][\/vc_column_inner][vc_column_inner [&hellip;]<\/p>\n","protected":false},"author":5,"featured_media":95815,"parent":0,"menu_order":0,"comment_status":"closed","ping_status":"closed","template":"","meta":{"footnotes":""},"class_list":["post-95816","page","type-page","status-publish","has-post-thumbnail","hentry"],"yoast_head":"<!-- This site is optimized with the Yoast SEO plugin v27.2 - https:\/\/yoast.com\/product\/yoast-seo-wordpress\/ -->\n<title>Integrering - BokaBord - ANCON<\/title>\n<meta name=\"description\" content=\"Automatisk synkronisering av bookinger mellom BokaBord og Ancon. Feilfri bookingadministrasjon og optimalisert bordutnyttelse.\" \/>\n<meta name=\"robots\" content=\"index, follow, max-snippet:-1, max-image-preview:large, max-video-preview:-1\" \/>\n<link rel=\"canonical\" href=\"https:\/\/ancon.io\/no\/integrering-bokabord\/\" \/>\n<meta property=\"og:locale\" content=\"nb_NO\" \/>\n<meta property=\"og:type\" content=\"article\" \/>\n<meta property=\"og:title\" content=\"Integrering - BokaBord - ANCON\" \/>\n<meta property=\"og:description\" content=\"Automatisk synkronisering av bookinger mellom BokaBord og Ancon. Feilfri bookingadministrasjon og optimalisert bordutnyttelse.\" \/>\n<meta property=\"og:url\" content=\"https:\/\/ancon.io\/no\/integrering-bokabord\/\" \/>\n<meta property=\"og:site_name\" content=\"ANCON\" \/>\n<meta property=\"article:publisher\" content=\"https:\/\/www.facebook.com\/AnconKassasystem\" \/>\n<meta property=\"article:modified_time\" content=\"2026-01-08T14:34:46+00:00\" \/>\n<meta property=\"og:image\" content=\"https:\/\/ancon.io\/wp-content\/uploads\/2025\/11\/untitled-11x-1-5.png\" \/>\n\t<meta property=\"og:image:width\" content=\"1464\" \/>\n\t<meta property=\"og:image:height\" content=\"1385\" \/>\n\t<meta property=\"og:image:type\" content=\"image\/png\" \/>\n<meta name=\"twitter:card\" content=\"summary_large_image\" \/>\n<meta name=\"twitter:label1\" content=\"Ansl. lesetid\" \/>\n\t<meta name=\"twitter:data1\" content=\"3 minutter\" \/>\n<script type=\"application\/ld+json\" class=\"yoast-schema-graph\">{\"@context\":\"https:\/\/schema.org\",\"@graph\":[{\"@type\":\"WebPage\",\"@id\":\"https:\/\/ancon.io\/no\/integrering-bokabord\/\",\"url\":\"https:\/\/ancon.io\/no\/integrering-bokabord\/\",\"name\":\"Integrering - BokaBord - ANCON\",\"isPartOf\":{\"@id\":\"https:\/\/ancon.io\/no\/#website\"},\"primaryImageOfPage\":{\"@id\":\"https:\/\/ancon.io\/no\/integrering-bokabord\/#primaryimage\"},\"image\":{\"@id\":\"https:\/\/ancon.io\/no\/integrering-bokabord\/#primaryimage\"},\"thumbnailUrl\":\"https:\/\/ancon.io\/wp-content\/uploads\/2025\/11\/untitled-11x-1-5.png\",\"datePublished\":\"2025-11-28T14:27:13+00:00\",\"dateModified\":\"2026-01-08T14:34:46+00:00\",\"description\":\"Automatisk synkronisering av bookinger mellom BokaBord og Ancon. Feilfri bookingadministrasjon og optimalisert bordutnyttelse.\",\"breadcrumb\":{\"@id\":\"https:\/\/ancon.io\/no\/integrering-bokabord\/#breadcrumb\"},\"inLanguage\":\"nb-NO\",\"potentialAction\":[{\"@type\":\"ReadAction\",\"target\":[\"https:\/\/ancon.io\/no\/integrering-bokabord\/\"]}]},{\"@type\":\"ImageObject\",\"inLanguage\":\"nb-NO\",\"@id\":\"https:\/\/ancon.io\/no\/integrering-bokabord\/#primaryimage\",\"url\":\"https:\/\/ancon.io\/wp-content\/uploads\/2025\/11\/untitled-11x-1-5.png\",\"contentUrl\":\"https:\/\/ancon.io\/wp-content\/uploads\/2025\/11\/untitled-11x-1-5.png\",\"width\":1464,\"height\":1385},{\"@type\":\"BreadcrumbList\",\"@id\":\"https:\/\/ancon.io\/no\/integrering-bokabord\/#breadcrumb\",\"itemListElement\":[{\"@type\":\"ListItem\",\"position\":1,\"name\":\"Home\",\"item\":\"https:\/\/ancon.io\/no\/\"},{\"@type\":\"ListItem\",\"position\":2,\"name\":\"Integrering &#8211; BokaBord\"}]},{\"@type\":\"WebSite\",\"@id\":\"https:\/\/ancon.io\/no\/#website\",\"url\":\"https:\/\/ancon.io\/no\/\",\"name\":\"ANCON\",\"description\":\"\",\"publisher\":{\"@id\":\"https:\/\/ancon.io\/no\/#organization\"},\"potentialAction\":[{\"@type\":\"SearchAction\",\"target\":{\"@type\":\"EntryPoint\",\"urlTemplate\":\"https:\/\/ancon.io\/no\/?s={search_term_string}\"},\"query-input\":{\"@type\":\"PropertyValueSpecification\",\"valueRequired\":true,\"valueName\":\"search_term_string\"}}],\"inLanguage\":\"nb-NO\"},{\"@type\":\"Organization\",\"@id\":\"https:\/\/ancon.io\/no\/#organization\",\"name\":\"ANCON\",\"url\":\"https:\/\/ancon.io\/no\/\",\"logo\":{\"@type\":\"ImageObject\",\"inLanguage\":\"nb-NO\",\"@id\":\"https:\/\/ancon.io\/no\/#\/schema\/logo\/image\/\",\"url\":\"https:\/\/ancon.io\/wp-content\/uploads\/2024\/03\/Ancon.svg\",\"contentUrl\":\"https:\/\/ancon.io\/wp-content\/uploads\/2024\/03\/Ancon.svg\",\"width\":138,\"height\":58,\"caption\":\"ANCON\"},\"image\":{\"@id\":\"https:\/\/ancon.io\/no\/#\/schema\/logo\/image\/\"},\"sameAs\":[\"https:\/\/www.facebook.com\/AnconKassasystem\",\"https:\/\/www.instagram.com\/ancon.io\"]}]}<\/script>\n<!-- \/ Yoast SEO plugin. -->","yoast_head_json":{"title":"Integrering - BokaBord - ANCON","description":"Automatisk synkronisering av bookinger mellom BokaBord og Ancon. Feilfri bookingadministrasjon og optimalisert bordutnyttelse.","robots":{"index":"index","follow":"follow","max-snippet":"max-snippet:-1","max-image-preview":"max-image-preview:large","max-video-preview":"max-video-preview:-1"},"canonical":"https:\/\/ancon.io\/no\/integrering-bokabord\/","og_locale":"nb_NO","og_type":"article","og_title":"Integrering - BokaBord - ANCON","og_description":"Automatisk synkronisering av bookinger mellom BokaBord og Ancon. Feilfri bookingadministrasjon og optimalisert bordutnyttelse.","og_url":"https:\/\/ancon.io\/no\/integrering-bokabord\/","og_site_name":"ANCON","article_publisher":"https:\/\/www.facebook.com\/AnconKassasystem","article_modified_time":"2026-01-08T14:34:46+00:00","og_image":[{"width":1464,"height":1385,"url":"https:\/\/ancon.io\/wp-content\/uploads\/2025\/11\/untitled-11x-1-5.png","type":"image\/png"}],"twitter_card":"summary_large_image","twitter_misc":{"Ansl. lesetid":"3 minutter"},"schema":{"@context":"https:\/\/schema.org","@graph":[{"@type":"WebPage","@id":"https:\/\/ancon.io\/no\/integrering-bokabord\/","url":"https:\/\/ancon.io\/no\/integrering-bokabord\/","name":"Integrering - BokaBord - ANCON","isPartOf":{"@id":"https:\/\/ancon.io\/no\/#website"},"primaryImageOfPage":{"@id":"https:\/\/ancon.io\/no\/integrering-bokabord\/#primaryimage"},"image":{"@id":"https:\/\/ancon.io\/no\/integrering-bokabord\/#primaryimage"},"thumbnailUrl":"https:\/\/ancon.io\/wp-content\/uploads\/2025\/11\/untitled-11x-1-5.png","datePublished":"2025-11-28T14:27:13+00:00","dateModified":"2026-01-08T14:34:46+00:00","description":"Automatisk synkronisering av bookinger mellom BokaBord og Ancon. Feilfri bookingadministrasjon og optimalisert bordutnyttelse.","breadcrumb":{"@id":"https:\/\/ancon.io\/no\/integrering-bokabord\/#breadcrumb"},"inLanguage":"nb-NO","potentialAction":[{"@type":"ReadAction","target":["https:\/\/ancon.io\/no\/integrering-bokabord\/"]}]},{"@type":"ImageObject","inLanguage":"nb-NO","@id":"https:\/\/ancon.io\/no\/integrering-bokabord\/#primaryimage","url":"https:\/\/ancon.io\/wp-content\/uploads\/2025\/11\/untitled-11x-1-5.png","contentUrl":"https:\/\/ancon.io\/wp-content\/uploads\/2025\/11\/untitled-11x-1-5.png","width":1464,"height":1385},{"@type":"BreadcrumbList","@id":"https:\/\/ancon.io\/no\/integrering-bokabord\/#breadcrumb","itemListElement":[{"@type":"ListItem","position":1,"name":"Home","item":"https:\/\/ancon.io\/no\/"},{"@type":"ListItem","position":2,"name":"Integrering &#8211; BokaBord"}]},{"@type":"WebSite","@id":"https:\/\/ancon.io\/no\/#website","url":"https:\/\/ancon.io\/no\/","name":"ANCON","description":"","publisher":{"@id":"https:\/\/ancon.io\/no\/#organization"},"potentialAction":[{"@type":"SearchAction","target":{"@type":"EntryPoint","urlTemplate":"https:\/\/ancon.io\/no\/?s={search_term_string}"},"query-input":{"@type":"PropertyValueSpecification","valueRequired":true,"valueName":"search_term_string"}}],"inLanguage":"nb-NO"},{"@type":"Organization","@id":"https:\/\/ancon.io\/no\/#organization","name":"ANCON","url":"https:\/\/ancon.io\/no\/","logo":{"@type":"ImageObject","inLanguage":"nb-NO","@id":"https:\/\/ancon.io\/no\/#\/schema\/logo\/image\/","url":"https:\/\/ancon.io\/wp-content\/uploads\/2024\/03\/Ancon.svg","contentUrl":"https:\/\/ancon.io\/wp-content\/uploads\/2024\/03\/Ancon.svg","width":138,"height":58,"caption":"ANCON"},"image":{"@id":"https:\/\/ancon.io\/no\/#\/schema\/logo\/image\/"},"sameAs":["https:\/\/www.facebook.com\/AnconKassasystem","https:\/\/www.instagram.com\/ancon.io"]}]}},"_links":{"self":[{"href":"https:\/\/ancon.io\/no\/wp-json\/wp\/v2\/pages\/95816","targetHints":{"allow":["GET"]}}],"collection":[{"href":"https:\/\/ancon.io\/no\/wp-json\/wp\/v2\/pages"}],"about":[{"href":"https:\/\/ancon.io\/no\/wp-json\/wp\/v2\/types\/page"}],"author":[{"embeddable":true,"href":"https:\/\/ancon.io\/no\/wp-json\/wp\/v2\/users\/5"}],"replies":[{"embeddable":true,"href":"https:\/\/ancon.io\/no\/wp-json\/wp\/v2\/comments?post=95816"}],"version-history":[{"count":2,"href":"https:\/\/ancon.io\/no\/wp-json\/wp\/v2\/pages\/95816\/revisions"}],"predecessor-version":[{"id":95820,"href":"https:\/\/ancon.io\/no\/wp-json\/wp\/v2\/pages\/95816\/revisions\/95820"}],"wp:featuredmedia":[{"embeddable":true,"href":"https:\/\/ancon.io\/no\/wp-json\/wp\/v2\/media\/95815"}],"wp:attachment":[{"href":"https:\/\/ancon.io\/no\/wp-json\/wp\/v2\/media?parent=95816"}],"curies":[{"name":"wp","href":"https:\/\/api.w.org\/{rel}","templated":true}]}}