{"id":95637,"date":"2025-12-04T14:31:23","date_gmt":"2025-12-04T13:31:23","guid":{"rendered":"https:\/\/ancon.io\/integrering-deliverect\/"},"modified":"2025-12-05T15:04:33","modified_gmt":"2025-12-05T14:04:33","slug":"integrering-deliverect","status":"publish","type":"page","link":"https:\/\/ancon.io\/no\/integrering-deliverect\/","title":{"rendered":"Integrering &#8211; Deliverect"},"content":{"rendered":"<p>[vc_row content_placement=&#8221;middle&#8221; css=&#8221;.vc_custom_1605622148793{padding-top: 60px !important;padding-bottom: 80px !important;}&#8221; responsive_css=&#8221;padding_top_medium:120px|padding_bottom_medium:140px&#8221;][vc_column offset=&#8221;vc_col-md-4&#8243; responsive_css=&#8221;padding_right_large:10%25|padding_bottom_medium:0px&#8221; css=&#8221;.vc_custom_1605622117741{padding-bottom: 40px !important;}&#8221;]<style>.ld_button_69dfcf1ef1850.btn-icon-solid .btn-icon{background:rgb(0, 0, 0);}.ld_button_69dfcf1ef1850.btn-icon-circle.btn-icon-ripple .btn-icon:before{border-color:rgb(0, 0, 0);}.ld_button_69dfcf1ef1850{color:rgb(0, 0, 0);}.ld_button_69dfcf1ef1850 {font-size:13px; } .ld_button_69dfcf1ef1850 {letter-spacing:0.1em; } .ld_button_69dfcf1ef1850 {font-size:13px; } .ld_button_69dfcf1ef1850 {letter-spacing:0.1em; } .ld_button_69dfcf1ef1850 {font-size:13px; } .ld_button_69dfcf1ef1850 {letter-spacing:0.1em; } .ld_button_69dfcf1ef1850 {font-size:13px; } .ld_button_69dfcf1ef1850 {letter-spacing:0.1em; } <\/style><a href=\"https:\/\/ancon.io\/integrationer\/\" title=\"Integrationer\" class=\"btn btn-naked text-uppercase btn-hover-swp btn-has-label ld_button_69dfcf1ef1850 vc_custom_1755853809577\" >\n\t<span>\n\t\n\t\t\t\t\t<span class=\"btn-txt\" data-text=\"Tilbake til Integrasjoner\" >Tilbake til Integrasjoner<\/span>\n\t\t\n\t<span class=\"btn-icon\"><i class=\"lqd-icn-ess icon-md-arrow-back\"><\/i><\/span>\t<span class=\"btn-icon\"><i class=\"lqd-icn-ess icon-md-arrow-back\"><\/i><\/span>\t\t\t<\/span>\n<\/a>\n<style>.ld_fancy_heading_69dfcf1ef268a .lqd-highlight-inner{height:0.275em!important;bottom:0px!important;}<\/style><div class=\"ld-fancy-heading ld_fancy_heading_69dfcf1ef268a\">\n\t<h1 class=\"ld-fh-element lqd-highlight-underline lqd-highlight-grow-left text-decoration-default\"   >  Deliverect<\/h1><\/div><style>.ld_fancy_heading_69dfcf1ef3591 p {margin-bottom:1.5em !important;  } .ld_fancy_heading_69dfcf1ef3591 .lqd-highlight-inner{height:0.275em!important;bottom:0px!important;}.ld_fancy_heading_69dfcf1ef3591 p {margin-bottom:1.5em !important;  } <\/style><div class=\"ld-fancy-heading ld_fancy_heading_69dfcf1ef3591\">\n\t<p class=\"ld-fh-element lqd-highlight-underline lqd-highlight-grow-left text-decoration-default\"   >  <strong>Deliverect<\/strong> gj\u00f8r det enklere for restauranter \u00e5 administrere alle bestillinger. Plattformen samler flyten fra levering, service, takeaway, drive-thru og catering for \u00e5 gj\u00f8re arbeidet raskere, tydeligere og mer l\u00f8nnsomt.<\/p><\/div>[vc_row_inner responsive_css=&#8221;margin_top_large:30px|margin_top_medium:20px|margin_top_small:20px&#8221; css=&#8221;.vc_custom_1755762986853{margin-top: 20px !important;}&#8221;][vc_column_inner]<style>.ld_button_69dfcf1f00137.btn-icon-solid .btn-icon{background:#f86c33;}.ld_button_69dfcf1f00137.btn-icon-circle.btn-icon-ripple .btn-icon:before{border-color:#f86c33;}.ld_button_69dfcf1f00137.btn-icon-solid:hover .btn-icon{background:rgb(255, 255, 255);}.ld_button_69dfcf1f00137{background-color:#f86c33;border-color:#f86c33;color:rgb(255, 255, 255);box-shadow:0px 20px 60px 0px rgba(248,85,78,0.21);}.ld_button_69dfcf1f00137:hover{background-color:rgb(255, 255, 255);border-color:rgb(255, 255, 255);color:#f86c33;}.ld_button_69dfcf1f00137 .btn-gradient-bg-hover{background:-webkit-linear-gradient(to right, rgb(255, 255, 255) 0%, rgb(255, 255, 255) 100%);background:linear-gradient(to right, rgb(255, 255, 255) 0%, rgb(255, 255, 255) 100%);}.ld_button_69dfcf1f00137 .btn-gradient-border defs stop:first-child{stop-color:#f86c33;}.ld_button_69dfcf1f00137 .btn-gradient-border defs stop:last-child{stop-color:#f86c33;}.ld_button_69dfcf1f00137:hover .btn-gradient-border defs stop:first-child{stop-color:rgb(255, 255, 255);}.ld_button_69dfcf1f00137:hover .btn-gradient-border defs stop:last-child{stop-color:rgb(255, 255, 255);}<\/style><a href=\"mailto:lars@kontrollelektro.no\" class=\"btn btn-solid btn-hover-txt-liquid-y circle border-thin btn-has-label ld_button_69dfcf1f00137 vc_custom_1764943469066\" >\n\t<span>\n\t\n\t\t\t\t\t<span class=\"btn-txt\" data-text=\"Bestill en demo\" data-split-text=\"true\"\n\t\t\t\t\t    data-split-options='{\"type\": \"chars, words\"}'>Bestill en demo<\/span>\n\t\t\n\t\t\t\t\t<\/span>\n<\/a>\n[\/vc_column_inner][\/vc_row_inner][\/vc_column][vc_column column_content_align=&#8221;justify-content-end&#8221; parallax=&#8221;yes&#8221; scale_from_x=&#8221;1&#8243; scale_from_y=&#8221;1&#8243; from_opacity=&#8221;1&#8243; scale_to_x=&#8221;1&#8243; scale_to_y=&#8221;1&#8243; to_opacity=&#8221;1&#8243; offset=&#8221;vc_col-md-offset-2 vc_col-md-5&#8243; translate_to_y=&#8221;0&#8243;]<div id=\"ld_images_group_container_69dfcf1f01157\" class=\"lqd-imggrp-container ld_images_group_container_69dfcf1f01157\"   data-parallax=\"true\" data-parallax-options='{\"overflowHidden\":false,\"ease\":\"linear\",\"start\":\"top bottom\"}'>\n\t<div class=\"lqd-imggrp-inner\">\n\t\t<div id=\"ld_images_group_element_69dfcf1f013de\" class=\"lqd-imggrp-single ld_images_group_element_69dfcf1f013de\" data-shadow-style=\"3\" data-roundness=\"2\" data-inview=\"true\" data-animate-shadow=\"true\" data-hover3d=\"true\"  >\n\t\n\t<div class=\"lqd-imggrp-img-container\" data-stacking-factor=\"5\"   >\n\t\t\n\t\t\t\t\n\t\t\t\t<figure ><img decoding=\"async\" src=\"https:\/\/ancon.io\/wp-content\/uploads\/2024\/03\/intergrationer-logos-deliverect.png\" srcset=\"https:\/\/ancon.io\/wp-content\/uploads\/2024\/03\/intergrationer-logos-deliverect-300x192.png 300w, https:\/\/ancon.io\/wp-content\/uploads\/2024\/03\/intergrationer-logos-deliverect.png 536w\" class=\"\" alt=\"\" \/><\/figure>\t\t\t\t\t\t\t\t\n\t<\/div><!-- \/.lqd-imggrp-content -->\n<\/div><!-- \/.lqd-imggrp-single -->\n\t\n\t<\/div><!-- \/.lqd-imggrp-inner -->\n<\/div><!-- \/.lqd-imggrp-container -->[\/vc_column][\/vc_row][vc_row css=&#8221;.vc_custom_1755854808368{padding-top: 50px !important;background-color: rgba(20,106,125,0.05) !important;*background-color: rgb(20,106,125) !important;}&#8221; responsive_css=&#8221;padding_top_large:100px|padding_top_medium:100px|padding_top_small:50px&#8221;][vc_column width=&#8221;1\/2&#8243; responsive_css=&#8221;margin_bottom_large:20px|margin_bottom_medium:20px|margin_bottom_small:20px&#8221; css=&#8221;.vc_custom_1755768349547{margin-bottom: 20px !important;}&#8221;][vc_single_image image=&#8221;95629&#8243;][\/vc_column][vc_column width=&#8221;1\/2&#8243;]<style>.ld_fancy_heading_69dfcf1f02b0c h4 {margin-bottom:15px !important;  } @media (min-width: 768px) { .ld_fancy_heading_69dfcf1f02b0c h4 {margin-bottom:20px !important;  }  } @media (min-width: 992px) { .ld_fancy_heading_69dfcf1f02b0c h4 {margin-bottom:20px !important;  }  } @media (min-width: 1200px) { .ld_fancy_heading_69dfcf1f02b0c h4 {margin-bottom:20px !important;  }  } .ld_fancy_heading_69dfcf1f02b0c .lqd-highlight-inner{height:0.275em!important;bottom:0px!important;}.ld_fancy_heading_69dfcf1f02b0c h4 {margin-bottom:15px !important;  } @media (min-width: 768px) { .ld_fancy_heading_69dfcf1f02b0c h4 {margin-bottom:20px !important;  }  } @media (min-width: 992px) { .ld_fancy_heading_69dfcf1f02b0c h4 {margin-bottom:20px !important;  }  } @media (min-width: 1200px) { .ld_fancy_heading_69dfcf1f02b0c h4 {margin-bottom:20px !important;  }  } <\/style><div class=\"ld-fancy-heading ld_fancy_heading_69dfcf1f02b0c\">\n\t<h4 class=\"ld-fh-element lqd-highlight-underline lqd-highlight-grow-left text-decoration-default\"   >  Slik fungerer integrering<\/h4><\/div><style>.ld_fancy_heading_69dfcf1f03843 .lqd-highlight-inner{height:0.275em!important;bottom:0px!important;}<\/style><div class=\"ld-fancy-heading ld_fancy_heading_69dfcf1f03843\">\n\t<p class=\"ld-fh-element lqd-highlight-underline lqd-highlight-grow-left text-decoration-default\"   >  <\/p>\n<p class=\"font-claude-response-body whitespace-normal break-words\">Ancon har en forh\u00e5ndsbygget integrasjon til Deliverect. Integrasjonen samler ordrene fra alle leveringstjenestene dine p\u00e5 ett sted og fungerer som en ordrehub. Deliverect videresender deretter bestillingene til Ancon, som registrerer alle bestillingene og distribuerer dem til hvert kj\u00f8kken. Enten via tradisjonelle bongskrivere eller via Ancon Flow, som gir b\u00e5de ansatte og gjester sanntidsoppdateringer om status for hver bestilling.<\/p>\n<p><a href=\"https:\/\/ancon.io\/no\/vilket-kassasystem-kan-integreras-med-leveransplattformar-som-foodora-wolt-eller-uber-eats\/\">Les mer her<\/a><\/p>\n<p class=\"font-claude-response-body whitespace-normal break-words\"><strong>Resultatet: Raskere betalingsflyt, sikrere transaksjoner, mer forn\u00f8yde gjester og \u00f8kt salg gjennom flere betalingsalternativer.<\/strong><\/p>\n<p><\/p><\/div>[\/vc_column][vc_column][\/vc_column][\/vc_row][vc_row disable_element=&#8221;yes&#8221; css=&#8221;.vc_custom_1756994381615{margin-bottom: 100px !important;}&#8221; responsive_css=&#8221;padding_top_large:50px|padding_top_medium:50px|padding_top_small:50px&#8221;][vc_column][vc_row_inner][vc_column_inner css=&#8221;.vc_custom_1755784557545{margin-top: 10px !important;margin-bottom: 50px !important;}&#8221;]<style>.ld_fancy_heading_69dfcf1f04498 .lqd-highlight-inner{height:0.275em!important;bottom:0px!important;}<\/style><div class=\"ld-fancy-heading ld_fancy_heading_69dfcf1f04498\">\n\t<h3 class=\"ld-fh-element lqd-highlight-underline lqd-highlight-grow-left text-decoration-default\"   >  Kunder som bruker integrasjonen:<\/h3><\/div>[\/vc_column_inner][vc_column_inner width=&#8221;1\/3&#8243;][vc_single_image image=&#8221;95104&#8243; img_size=&#8221;medium&#8221;][\/vc_column_inner][vc_column_inner width=&#8221;1\/3&#8243;][vc_single_image image=&#8221;92673&#8243; img_size=&#8221;medium&#8221;][\/vc_column_inner][vc_column_inner width=&#8221;1\/3&#8243;][vc_single_image image=&#8221;95111&#8243; img_size=&#8221;medium&#8221;][\/vc_column_inner][\/vc_row_inner][\/vc_column][\/vc_row]<\/p>\n","protected":false},"excerpt":{"rendered":"<p>[vc_row content_placement=&#8221;middle&#8221; css=&#8221;.vc_custom_1605622148793{padding-top: 60px !important;padding-bottom: 80px !important;}&#8221; responsive_css=&#8221;padding_top_medium:120px|padding_bottom_medium:140px&#8221;][vc_column offset=&#8221;vc_col-md-4&#8243; responsive_css=&#8221;padding_right_large:10%25|padding_bottom_medium:0px&#8221; css=&#8221;.vc_custom_1605622117741{padding-bottom: 40px !important;}&#8221;][vc_row_inner responsive_css=&#8221;margin_top_large:30px|margin_top_medium:20px|margin_top_small:20px&#8221; css=&#8221;.vc_custom_1755762986853{margin-top: 20px !important;}&#8221;][vc_column_inner][\/vc_column_inner][\/vc_row_inner][\/vc_column][vc_column column_content_align=&#8221;justify-content-end&#8221; parallax=&#8221;yes&#8221; scale_from_x=&#8221;1&#8243; scale_from_y=&#8221;1&#8243; from_opacity=&#8221;1&#8243; scale_to_x=&#8221;1&#8243; scale_to_y=&#8221;1&#8243; to_opacity=&#8221;1&#8243; offset=&#8221;vc_col-md-offset-2 vc_col-md-5&#8243; translate_to_y=&#8221;0&#8243;][\/vc_column][\/vc_row][vc_row css=&#8221;.vc_custom_1755854808368{padding-top: 50px !important;background-color: rgba(20,106,125,0.05) !important;*background-color: rgb(20,106,125) !important;}&#8221; responsive_css=&#8221;padding_top_large:100px|padding_top_medium:100px|padding_top_small:50px&#8221;][vc_column width=&#8221;1\/2&#8243; responsive_css=&#8221;margin_bottom_large:20px|margin_bottom_medium:20px|margin_bottom_small:20px&#8221; css=&#8221;.vc_custom_1755768349547{margin-bottom: 20px !important;}&#8221;][vc_single_image image=&#8221;95629&#8243;][\/vc_column][vc_column width=&#8221;1\/2&#8243;][\/vc_column][vc_column][\/vc_column][\/vc_row][vc_row disable_element=&#8221;yes&#8221; css=&#8221;.vc_custom_1756994381615{margin-bottom: 100px !important;}&#8221; responsive_css=&#8221;padding_top_large:50px|padding_top_medium:50px|padding_top_small:50px&#8221;][vc_column][vc_row_inner][vc_column_inner css=&#8221;.vc_custom_1755784557545{margin-top: 10px !important;margin-bottom: 50px !important;}&#8221;][\/vc_column_inner][vc_column_inner width=&#8221;1\/3&#8243;][vc_single_image image=&#8221;95104&#8243; [&hellip;]<\/p>\n","protected":false},"author":5,"featured_media":95636,"parent":0,"menu_order":0,"comment_status":"closed","ping_status":"closed","template":"","meta":{"footnotes":""},"class_list":["post-95637","page","type-page","status-publish","has-post-thumbnail","hentry"],"yoast_head":"<!-- This site is optimized with the Yoast SEO plugin v27.2 - https:\/\/yoast.com\/product\/yoast-seo-wordpress\/ -->\n<title>Integrering - Deliverect - ANCON<\/title>\n<meta name=\"description\" content=\"Hent alle nettbestillingene dine fra Wolt, Uber Eats og Foodora via Deliverect i Ancon. G\u00e5 aldri glipp av en bestilling igjen.\" \/>\n<meta name=\"robots\" content=\"index, follow, max-snippet:-1, max-image-preview:large, max-video-preview:-1\" \/>\n<link rel=\"canonical\" href=\"https:\/\/ancon.io\/no\/integrering-deliverect\/\" \/>\n<meta property=\"og:locale\" content=\"nb_NO\" \/>\n<meta property=\"og:type\" content=\"article\" \/>\n<meta property=\"og:title\" content=\"Integrering - Deliverect - ANCON\" \/>\n<meta property=\"og:description\" content=\"Hent alle nettbestillingene dine fra Wolt, Uber Eats og Foodora via Deliverect i Ancon. G\u00e5 aldri glipp av en bestilling igjen.\" \/>\n<meta property=\"og:url\" content=\"https:\/\/ancon.io\/no\/integrering-deliverect\/\" \/>\n<meta property=\"og:site_name\" content=\"ANCON\" \/>\n<meta property=\"article:publisher\" content=\"https:\/\/www.facebook.com\/AnconKassasystem\" \/>\n<meta property=\"article:modified_time\" content=\"2025-12-05T14:04:33+00:00\" \/>\n<meta property=\"og:image\" content=\"https:\/\/ancon.io\/wp-content\/uploads\/2025\/11\/delivery.png\" \/>\n\t<meta property=\"og:image:width\" content=\"1920\" \/>\n\t<meta property=\"og:image:height\" content=\"1080\" \/>\n\t<meta property=\"og:image:type\" content=\"image\/png\" \/>\n<meta name=\"twitter:card\" content=\"summary_large_image\" \/>\n<meta name=\"twitter:label1\" content=\"Ansl. lesetid\" \/>\n\t<meta name=\"twitter:data1\" content=\"2 minutter\" \/>\n<script type=\"application\/ld+json\" class=\"yoast-schema-graph\">{\"@context\":\"https:\/\/schema.org\",\"@graph\":[{\"@type\":\"WebPage\",\"@id\":\"https:\/\/ancon.io\/no\/integrering-deliverect\/\",\"url\":\"https:\/\/ancon.io\/no\/integrering-deliverect\/\",\"name\":\"Integrering - Deliverect - ANCON\",\"isPartOf\":{\"@id\":\"https:\/\/ancon.io\/no\/#website\"},\"primaryImageOfPage\":{\"@id\":\"https:\/\/ancon.io\/no\/integrering-deliverect\/#primaryimage\"},\"image\":{\"@id\":\"https:\/\/ancon.io\/no\/integrering-deliverect\/#primaryimage\"},\"thumbnailUrl\":\"https:\/\/ancon.io\/wp-content\/uploads\/2025\/11\/delivery.png\",\"datePublished\":\"2025-12-04T13:31:23+00:00\",\"dateModified\":\"2025-12-05T14:04:33+00:00\",\"description\":\"Hent alle nettbestillingene dine fra Wolt, Uber Eats og Foodora via Deliverect i Ancon. G\u00e5 aldri glipp av en bestilling igjen.\",\"breadcrumb\":{\"@id\":\"https:\/\/ancon.io\/no\/integrering-deliverect\/#breadcrumb\"},\"inLanguage\":\"nb-NO\",\"potentialAction\":[{\"@type\":\"ReadAction\",\"target\":[\"https:\/\/ancon.io\/no\/integrering-deliverect\/\"]}]},{\"@type\":\"ImageObject\",\"inLanguage\":\"nb-NO\",\"@id\":\"https:\/\/ancon.io\/no\/integrering-deliverect\/#primaryimage\",\"url\":\"https:\/\/ancon.io\/wp-content\/uploads\/2025\/11\/delivery.png\",\"contentUrl\":\"https:\/\/ancon.io\/wp-content\/uploads\/2025\/11\/delivery.png\",\"width\":1920,\"height\":1080},{\"@type\":\"BreadcrumbList\",\"@id\":\"https:\/\/ancon.io\/no\/integrering-deliverect\/#breadcrumb\",\"itemListElement\":[{\"@type\":\"ListItem\",\"position\":1,\"name\":\"Home\",\"item\":\"https:\/\/ancon.io\/no\/\"},{\"@type\":\"ListItem\",\"position\":2,\"name\":\"Integrering &#8211; Deliverect\"}]},{\"@type\":\"WebSite\",\"@id\":\"https:\/\/ancon.io\/no\/#website\",\"url\":\"https:\/\/ancon.io\/no\/\",\"name\":\"ANCON\",\"description\":\"\",\"publisher\":{\"@id\":\"https:\/\/ancon.io\/no\/#organization\"},\"potentialAction\":[{\"@type\":\"SearchAction\",\"target\":{\"@type\":\"EntryPoint\",\"urlTemplate\":\"https:\/\/ancon.io\/no\/?s={search_term_string}\"},\"query-input\":{\"@type\":\"PropertyValueSpecification\",\"valueRequired\":true,\"valueName\":\"search_term_string\"}}],\"inLanguage\":\"nb-NO\"},{\"@type\":\"Organization\",\"@id\":\"https:\/\/ancon.io\/no\/#organization\",\"name\":\"ANCON\",\"url\":\"https:\/\/ancon.io\/no\/\",\"logo\":{\"@type\":\"ImageObject\",\"inLanguage\":\"nb-NO\",\"@id\":\"https:\/\/ancon.io\/no\/#\/schema\/logo\/image\/\",\"url\":\"https:\/\/ancon.io\/wp-content\/uploads\/2024\/03\/Ancon.svg\",\"contentUrl\":\"https:\/\/ancon.io\/wp-content\/uploads\/2024\/03\/Ancon.svg\",\"width\":138,\"height\":58,\"caption\":\"ANCON\"},\"image\":{\"@id\":\"https:\/\/ancon.io\/no\/#\/schema\/logo\/image\/\"},\"sameAs\":[\"https:\/\/www.facebook.com\/AnconKassasystem\",\"https:\/\/www.instagram.com\/ancon.io\"]}]}<\/script>\n<!-- \/ Yoast SEO plugin. -->","yoast_head_json":{"title":"Integrering - Deliverect - ANCON","description":"Hent alle nettbestillingene dine fra Wolt, Uber Eats og Foodora via Deliverect i Ancon. G\u00e5 aldri glipp av en bestilling igjen.","robots":{"index":"index","follow":"follow","max-snippet":"max-snippet:-1","max-image-preview":"max-image-preview:large","max-video-preview":"max-video-preview:-1"},"canonical":"https:\/\/ancon.io\/no\/integrering-deliverect\/","og_locale":"nb_NO","og_type":"article","og_title":"Integrering - Deliverect - ANCON","og_description":"Hent alle nettbestillingene dine fra Wolt, Uber Eats og Foodora via Deliverect i Ancon. G\u00e5 aldri glipp av en bestilling igjen.","og_url":"https:\/\/ancon.io\/no\/integrering-deliverect\/","og_site_name":"ANCON","article_publisher":"https:\/\/www.facebook.com\/AnconKassasystem","article_modified_time":"2025-12-05T14:04:33+00:00","og_image":[{"width":1920,"height":1080,"url":"https:\/\/ancon.io\/wp-content\/uploads\/2025\/11\/delivery.png","type":"image\/png"}],"twitter_card":"summary_large_image","twitter_misc":{"Ansl. lesetid":"2 minutter"},"schema":{"@context":"https:\/\/schema.org","@graph":[{"@type":"WebPage","@id":"https:\/\/ancon.io\/no\/integrering-deliverect\/","url":"https:\/\/ancon.io\/no\/integrering-deliverect\/","name":"Integrering - Deliverect - ANCON","isPartOf":{"@id":"https:\/\/ancon.io\/no\/#website"},"primaryImageOfPage":{"@id":"https:\/\/ancon.io\/no\/integrering-deliverect\/#primaryimage"},"image":{"@id":"https:\/\/ancon.io\/no\/integrering-deliverect\/#primaryimage"},"thumbnailUrl":"https:\/\/ancon.io\/wp-content\/uploads\/2025\/11\/delivery.png","datePublished":"2025-12-04T13:31:23+00:00","dateModified":"2025-12-05T14:04:33+00:00","description":"Hent alle nettbestillingene dine fra Wolt, Uber Eats og Foodora via Deliverect i Ancon. G\u00e5 aldri glipp av en bestilling igjen.","breadcrumb":{"@id":"https:\/\/ancon.io\/no\/integrering-deliverect\/#breadcrumb"},"inLanguage":"nb-NO","potentialAction":[{"@type":"ReadAction","target":["https:\/\/ancon.io\/no\/integrering-deliverect\/"]}]},{"@type":"ImageObject","inLanguage":"nb-NO","@id":"https:\/\/ancon.io\/no\/integrering-deliverect\/#primaryimage","url":"https:\/\/ancon.io\/wp-content\/uploads\/2025\/11\/delivery.png","contentUrl":"https:\/\/ancon.io\/wp-content\/uploads\/2025\/11\/delivery.png","width":1920,"height":1080},{"@type":"BreadcrumbList","@id":"https:\/\/ancon.io\/no\/integrering-deliverect\/#breadcrumb","itemListElement":[{"@type":"ListItem","position":1,"name":"Home","item":"https:\/\/ancon.io\/no\/"},{"@type":"ListItem","position":2,"name":"Integrering &#8211; Deliverect"}]},{"@type":"WebSite","@id":"https:\/\/ancon.io\/no\/#website","url":"https:\/\/ancon.io\/no\/","name":"ANCON","description":"","publisher":{"@id":"https:\/\/ancon.io\/no\/#organization"},"potentialAction":[{"@type":"SearchAction","target":{"@type":"EntryPoint","urlTemplate":"https:\/\/ancon.io\/no\/?s={search_term_string}"},"query-input":{"@type":"PropertyValueSpecification","valueRequired":true,"valueName":"search_term_string"}}],"inLanguage":"nb-NO"},{"@type":"Organization","@id":"https:\/\/ancon.io\/no\/#organization","name":"ANCON","url":"https:\/\/ancon.io\/no\/","logo":{"@type":"ImageObject","inLanguage":"nb-NO","@id":"https:\/\/ancon.io\/no\/#\/schema\/logo\/image\/","url":"https:\/\/ancon.io\/wp-content\/uploads\/2024\/03\/Ancon.svg","contentUrl":"https:\/\/ancon.io\/wp-content\/uploads\/2024\/03\/Ancon.svg","width":138,"height":58,"caption":"ANCON"},"image":{"@id":"https:\/\/ancon.io\/no\/#\/schema\/logo\/image\/"},"sameAs":["https:\/\/www.facebook.com\/AnconKassasystem","https:\/\/www.instagram.com\/ancon.io"]}]}},"_links":{"self":[{"href":"https:\/\/ancon.io\/no\/wp-json\/wp\/v2\/pages\/95637","targetHints":{"allow":["GET"]}}],"collection":[{"href":"https:\/\/ancon.io\/no\/wp-json\/wp\/v2\/pages"}],"about":[{"href":"https:\/\/ancon.io\/no\/wp-json\/wp\/v2\/types\/page"}],"author":[{"embeddable":true,"href":"https:\/\/ancon.io\/no\/wp-json\/wp\/v2\/users\/5"}],"replies":[{"embeddable":true,"href":"https:\/\/ancon.io\/no\/wp-json\/wp\/v2\/comments?post=95637"}],"version-history":[{"count":7,"href":"https:\/\/ancon.io\/no\/wp-json\/wp\/v2\/pages\/95637\/revisions"}],"predecessor-version":[{"id":95669,"href":"https:\/\/ancon.io\/no\/wp-json\/wp\/v2\/pages\/95637\/revisions\/95669"}],"wp:featuredmedia":[{"embeddable":true,"href":"https:\/\/ancon.io\/no\/wp-json\/wp\/v2\/media\/95636"}],"wp:attachment":[{"href":"https:\/\/ancon.io\/no\/wp-json\/wp\/v2\/media?parent=95637"}],"curies":[{"name":"wp","href":"https:\/\/api.w.org\/{rel}","templated":true}]}}