{"id":93578,"date":"2024-03-13T09:11:47","date_gmt":"2024-03-13T08:11:47","guid":{"rendered":"https:\/\/ancon.io\/ledige-stillinger\/"},"modified":"2024-10-03T14:08:16","modified_gmt":"2024-10-03T12:08:16","slug":"ledige-stillinger","status":"publish","type":"page","link":"https:\/\/ancon.io\/no\/ledige-stillinger\/","title":{"rendered":"Ledige stillinger"},"content":{"rendered":"<p>[vc_row gap=&#8221;0&#8243; content_placement=&#8221;middle&#8221; luminosity=&#8221;dark&#8221; row_scale_bg_onhover=&#8221;yes&#8221; enable_cc_circle=&#8221;yes&#8221; bg_position=&#8221;center center&#8221; enable_overlay=&#8221;yes&#8221; css=&#8221;.vc_custom_1711013324902{padding-top: 150px !important;padding-right: 30px !important;padding-bottom: 150px !important;padding-left: 30px !important;background-image: url(https:\/\/ancon.io\/wp-content\/uploads\/2024\/03\/ancon-head-14.jpg?id=6364) !important;background-position: center !important;background-repeat: no-repeat !important;background-size: cover !important;}&#8221; overlay_bg=&#8221;rgba(0, 0, 0, 0.17)&#8221; responsive_css=&#8221;padding_top_medium:250px|padding_bottom_medium:230px&#8221;][vc_column column_content_align=&#8221;justify-content-start&#8221; enable_content_animation=&#8221;yes&#8221; ca_init_scale_x=&#8221;1&#8243; ca_init_scale_y=&#8221;1&#8243; ca_init_opacity=&#8221;0&#8243; ca_an_scale_x=&#8221;1&#8243; ca_an_scale_y=&#8221;1&#8243; ca_an_opacity=&#8221;1&#8243; ca_init_scale_z=&#8221;1&#8243; ca_an_scale_z=&#8221;1&#8243; responsive_align=&#8221;text-center&#8221; ca_duration=&#8221;1800&#8243; ca_delay=&#8221;180&#8243; ca_init_translate_x=&#8221;0&#8243; ca_init_translate_y=&#8221;120&#8243;]<style>.ld_fancy_heading_69e1db646ae90 h1{color:rgb(255, 255, 255);}.ld_fancy_heading_69e1db646ae90 h1 {font-size:35px; } @media (min-width: 1200px) { .ld_fancy_heading_69e1db646ae90 h1 {font-size:65px; }  } .ld_fancy_heading_69e1db646ae90 h1 {line-height:1em; } .ld_fancy_heading_69e1db646ae90 h1 {--element-line-height:1em; } .ld_fancy_heading_69e1db646ae90 h1 {font-weight:700; } @media (min-width: 992px) { .ld_fancy_heading_69e1db646ae90 h1 {margin-bottom:0px !important;  }  } .ld_fancy_heading_69e1db646ae90 .lqd-highlight-inner{height:0.275em!important;bottom:0px!important;}.ld_fancy_heading_69e1db646ae90 h1 {font-size:35px; } @media (min-width: 1200px) { .ld_fancy_heading_69e1db646ae90 h1 {font-size:65px; }  } .ld_fancy_heading_69e1db646ae90 h1 {line-height:1em; } .ld_fancy_heading_69e1db646ae90 h1 {--element-line-height:1em; } .ld_fancy_heading_69e1db646ae90 h1 {font-weight:700; } @media (min-width: 992px) { .ld_fancy_heading_69e1db646ae90 h1 {margin-bottom:0px !important;  }  } <\/style><div class=\"ld-fancy-heading text-left ld_fancy_heading_69e1db646ae90\">\n\t<h1 class=\"ld-fh-element lqd-highlight-underline lqd-highlight-grow-left text-decoration-default\"   >  Ledige stillinger<\/h1><\/div>[\/vc_column][\/vc_row][vc_row css=&#8221;.vc_custom_1711013153033{padding-top: 80px !important;padding-bottom: 70px !important;}&#8221;][vc_column width=&#8221;1\/2&#8243;]<style>.ld_fancy_heading_69e1db646be12 p {margin-bottom:2.5em !important;  } .ld_fancy_heading_69e1db646be12 .lqd-highlight-inner{height:0.275em!important;bottom:0px!important;}.ld_fancy_heading_69e1db646be12 p {margin-bottom:2.5em !important;  } <\/style><div class=\"ld-fancy-heading ld_fancy_heading_69e1db646be12\">\n\t<p class=\"ld-fh-element lqd-highlight-underline lqd-highlight-grow-left text-decoration-default\"   >  Brenner du for mat, teknologi og \u00e5 skape minneverdige opplevelser? Da vil du passe perfekt inn i Ancon-familien! Vi har for \u00f8yeblikket ingen ledige stillinger, men vi er alltid p\u00e5 utkikk etter nye talenter.<\/p>\n<p><strong>Ikke n\u00f8l med \u00e5 sende inn en spontan s\u00f8knad, s\u00e5 kan vi holde kontakten for fremtidige muligheter!<\/strong><\/p><\/div><style>.ld_button_69e1db646ca11.btn-icon-solid:hover .btn-icon{background:rgb(0, 0, 0);}.ld_button_69e1db646ca11:hover{background-color:rgb(0, 0, 0);border-color:rgb(0, 0, 0);}.ld_button_69e1db646ca11 .btn-gradient-bg-hover{background:-webkit-linear-gradient(to right, rgb(0, 0, 0) 0%, rgb(0, 0, 0) 100%);background:linear-gradient(to right, rgb(0, 0, 0) 0%, rgb(0, 0, 0) 100%);}.ld_button_69e1db646ca11:hover .btn-gradient-border defs stop:first-child{stop-color:rgb(0, 0, 0);}.ld_button_69e1db646ca11:hover .btn-gradient-border defs stop:last-child{stop-color:rgb(0, 0, 0);}.ld_button_69e1db646ca11{box-shadow:0px 20px 60px 0px rgba(248,85,78,0.21);}<\/style><a href=\"https:\/\/ancon.io\/no\/kontakt-oss-pa\/\" title=\"Kontakta oss\" class=\"btn btn-solid btn-hover-txt-liquid-y circle border-thin btn-has-label ld_button_69e1db646ca11 vc_custom_1727957281224\" >\n\t<span>\n\t\n\t\t\t\t\t<span class=\"btn-txt\" data-text=\"Kontakt oss p\u00e5\" data-split-text=\"true\"\n\t\t\t\t\t    data-split-options='{\"type\": \"chars, words\"}'>Kontakt oss p\u00e5<\/span>\n\t\t\n\t\t\t\t\t<\/span>\n<\/a>\n[\/vc_column][vc_column width=&#8221;1\/2&#8243;][\/vc_column][\/vc_row]<\/p>\n","protected":false},"excerpt":{"rendered":"<p>[vc_row gap=&#8221;0&#8243; content_placement=&#8221;middle&#8221; luminosity=&#8221;dark&#8221; row_scale_bg_onhover=&#8221;yes&#8221; enable_cc_circle=&#8221;yes&#8221; bg_position=&#8221;center center&#8221; enable_overlay=&#8221;yes&#8221; css=&#8221;.vc_custom_1711013324902{padding-top: 150px !important;padding-right: 30px !important;padding-bottom: 150px !important;padding-left: 30px !important;background-image: url(https:\/\/ancon.io\/wp-content\/uploads\/2024\/03\/ancon-head-14.jpg?id=6364) !important;background-position: center !important;background-repeat: no-repeat !important;background-size: cover !important;}&#8221; overlay_bg=&#8221;rgba(0, 0, 0, 0.17)&#8221; responsive_css=&#8221;padding_top_medium:250px|padding_bottom_medium:230px&#8221;][vc_column column_content_align=&#8221;justify-content-start&#8221; enable_content_animation=&#8221;yes&#8221; ca_init_scale_x=&#8221;1&#8243; ca_init_scale_y=&#8221;1&#8243; ca_init_opacity=&#8221;0&#8243; ca_an_scale_x=&#8221;1&#8243; ca_an_scale_y=&#8221;1&#8243; ca_an_opacity=&#8221;1&#8243; ca_init_scale_z=&#8221;1&#8243; ca_an_scale_z=&#8221;1&#8243; responsive_align=&#8221;text-center&#8221; ca_duration=&#8221;1800&#8243; ca_delay=&#8221;180&#8243; ca_init_translate_x=&#8221;0&#8243; ca_init_translate_y=&#8221;120&#8243;][\/vc_column][\/vc_row][vc_row css=&#8221;.vc_custom_1711013153033{padding-top: 80px !important;padding-bottom: 70px !important;}&#8221;][vc_column width=&#8221;1\/2&#8243;][\/vc_column][vc_column width=&#8221;1\/2&#8243;][\/vc_column][\/vc_row]<\/p>\n","protected":false},"author":1,"featured_media":0,"parent":0,"menu_order":0,"comment_status":"closed","ping_status":"closed","template":"","meta":{"footnotes":""},"class_list":["post-93578","page","type-page","status-publish","hentry"],"yoast_head":"<!-- This site is optimized with the Yoast SEO plugin v27.2 - https:\/\/yoast.com\/product\/yoast-seo-wordpress\/ -->\n<title>Ledige stillinger - ANCON<\/title>\n<meta name=\"robots\" content=\"index, follow, max-snippet:-1, max-image-preview:large, max-video-preview:-1\" \/>\n<link rel=\"canonical\" href=\"https:\/\/ancon.io\/no\/ledige-stillinger\/\" \/>\n<meta property=\"og:locale\" content=\"nb_NO\" \/>\n<meta property=\"og:type\" content=\"article\" \/>\n<meta property=\"og:title\" content=\"Ledige stillinger - ANCON\" \/>\n<meta property=\"og:description\" content=\"[vc_row gap=&#8221;0&#8243; content_placement=&#8221;middle&#8221; luminosity=&#8221;dark&#8221; row_scale_bg_onhover=&#8221;yes&#8221; enable_cc_circle=&#8221;yes&#8221; bg_position=&#8221;center center&#8221; enable_overlay=&#8221;yes&#8221; css=&#8221;.vc_custom_1711013324902{padding-top: 150px !important;padding-right: 30px !important;padding-bottom: 150px !important;padding-left: 30px !important;background-image: url(https:\/\/ancon.io\/wp-content\/uploads\/2024\/03\/ancon-head-14.jpg?id=6364) !important;background-position: center !important;background-repeat: no-repeat !important;background-size: cover !important;}&#8221; overlay_bg=&#8221;rgba(0, 0, 0, 0.17)&#8221; responsive_css=&#8221;padding_top_medium:250px|padding_bottom_medium:230px&#8221;][vc_column column_content_align=&#8221;justify-content-start&#8221; enable_content_animation=&#8221;yes&#8221; ca_init_scale_x=&#8221;1&#8243; ca_init_scale_y=&#8221;1&#8243; ca_init_opacity=&#8221;0&#8243; ca_an_scale_x=&#8221;1&#8243; ca_an_scale_y=&#8221;1&#8243; ca_an_opacity=&#8221;1&#8243; ca_init_scale_z=&#8221;1&#8243; ca_an_scale_z=&#8221;1&#8243; responsive_align=&#8221;text-center&#8221; ca_duration=&#8221;1800&#8243; ca_delay=&#8221;180&#8243; ca_init_translate_x=&#8221;0&#8243; ca_init_translate_y=&#8221;120&#8243;][\/vc_column][\/vc_row][vc_row css=&#8221;.vc_custom_1711013153033{padding-top: 80px !important;padding-bottom: 70px !important;}&#8221;][vc_column width=&#8221;1\/2&#8243;][\/vc_column][vc_column width=&#8221;1\/2&#8243;][\/vc_column][\/vc_row]\" \/>\n<meta property=\"og:url\" content=\"https:\/\/ancon.io\/no\/ledige-stillinger\/\" \/>\n<meta property=\"og:site_name\" content=\"ANCON\" \/>\n<meta property=\"article:publisher\" content=\"https:\/\/www.facebook.com\/AnconKassasystem\" \/>\n<meta property=\"article:modified_time\" content=\"2024-10-03T12:08:16+00:00\" \/>\n<meta name=\"twitter:card\" content=\"summary_large_image\" \/>\n<meta name=\"twitter:label1\" content=\"Ansl. lesetid\" \/>\n\t<meta name=\"twitter:data1\" content=\"1 minutt\" \/>\n<script type=\"application\/ld+json\" class=\"yoast-schema-graph\">{\"@context\":\"https:\/\/schema.org\",\"@graph\":[{\"@type\":\"WebPage\",\"@id\":\"https:\/\/ancon.io\/no\/ledige-stillinger\/\",\"url\":\"https:\/\/ancon.io\/no\/ledige-stillinger\/\",\"name\":\"Ledige stillinger - ANCON\",\"isPartOf\":{\"@id\":\"https:\/\/ancon.io\/no\/#website\"},\"datePublished\":\"2024-03-13T08:11:47+00:00\",\"dateModified\":\"2024-10-03T12:08:16+00:00\",\"breadcrumb\":{\"@id\":\"https:\/\/ancon.io\/no\/ledige-stillinger\/#breadcrumb\"},\"inLanguage\":\"nb-NO\",\"potentialAction\":[{\"@type\":\"ReadAction\",\"target\":[\"https:\/\/ancon.io\/no\/ledige-stillinger\/\"]}]},{\"@type\":\"BreadcrumbList\",\"@id\":\"https:\/\/ancon.io\/no\/ledige-stillinger\/#breadcrumb\",\"itemListElement\":[{\"@type\":\"ListItem\",\"position\":1,\"name\":\"Home\",\"item\":\"https:\/\/ancon.io\/no\/\"},{\"@type\":\"ListItem\",\"position\":2,\"name\":\"Ledige stillinger\"}]},{\"@type\":\"WebSite\",\"@id\":\"https:\/\/ancon.io\/no\/#website\",\"url\":\"https:\/\/ancon.io\/no\/\",\"name\":\"ANCON\",\"description\":\"\",\"publisher\":{\"@id\":\"https:\/\/ancon.io\/no\/#organization\"},\"potentialAction\":[{\"@type\":\"SearchAction\",\"target\":{\"@type\":\"EntryPoint\",\"urlTemplate\":\"https:\/\/ancon.io\/no\/?s={search_term_string}\"},\"query-input\":{\"@type\":\"PropertyValueSpecification\",\"valueRequired\":true,\"valueName\":\"search_term_string\"}}],\"inLanguage\":\"nb-NO\"},{\"@type\":\"Organization\",\"@id\":\"https:\/\/ancon.io\/no\/#organization\",\"name\":\"ANCON\",\"url\":\"https:\/\/ancon.io\/no\/\",\"logo\":{\"@type\":\"ImageObject\",\"inLanguage\":\"nb-NO\",\"@id\":\"https:\/\/ancon.io\/no\/#\/schema\/logo\/image\/\",\"url\":\"https:\/\/ancon.io\/wp-content\/uploads\/2024\/03\/Ancon.svg\",\"contentUrl\":\"https:\/\/ancon.io\/wp-content\/uploads\/2024\/03\/Ancon.svg\",\"width\":138,\"height\":58,\"caption\":\"ANCON\"},\"image\":{\"@id\":\"https:\/\/ancon.io\/no\/#\/schema\/logo\/image\/\"},\"sameAs\":[\"https:\/\/www.facebook.com\/AnconKassasystem\",\"https:\/\/www.instagram.com\/ancon.io\"]}]}<\/script>\n<!-- \/ Yoast SEO plugin. -->","yoast_head_json":{"title":"Ledige stillinger - ANCON","robots":{"index":"index","follow":"follow","max-snippet":"max-snippet:-1","max-image-preview":"max-image-preview:large","max-video-preview":"max-video-preview:-1"},"canonical":"https:\/\/ancon.io\/no\/ledige-stillinger\/","og_locale":"nb_NO","og_type":"article","og_title":"Ledige stillinger - ANCON","og_description":"[vc_row gap=&#8221;0&#8243; content_placement=&#8221;middle&#8221; luminosity=&#8221;dark&#8221; row_scale_bg_onhover=&#8221;yes&#8221; enable_cc_circle=&#8221;yes&#8221; bg_position=&#8221;center center&#8221; enable_overlay=&#8221;yes&#8221; css=&#8221;.vc_custom_1711013324902{padding-top: 150px !important;padding-right: 30px !important;padding-bottom: 150px !important;padding-left: 30px !important;background-image: url(https:\/\/ancon.io\/wp-content\/uploads\/2024\/03\/ancon-head-14.jpg?id=6364) !important;background-position: center !important;background-repeat: no-repeat !important;background-size: cover !important;}&#8221; overlay_bg=&#8221;rgba(0, 0, 0, 0.17)&#8221; responsive_css=&#8221;padding_top_medium:250px|padding_bottom_medium:230px&#8221;][vc_column column_content_align=&#8221;justify-content-start&#8221; enable_content_animation=&#8221;yes&#8221; ca_init_scale_x=&#8221;1&#8243; ca_init_scale_y=&#8221;1&#8243; ca_init_opacity=&#8221;0&#8243; ca_an_scale_x=&#8221;1&#8243; ca_an_scale_y=&#8221;1&#8243; ca_an_opacity=&#8221;1&#8243; ca_init_scale_z=&#8221;1&#8243; ca_an_scale_z=&#8221;1&#8243; responsive_align=&#8221;text-center&#8221; ca_duration=&#8221;1800&#8243; ca_delay=&#8221;180&#8243; ca_init_translate_x=&#8221;0&#8243; ca_init_translate_y=&#8221;120&#8243;][\/vc_column][\/vc_row][vc_row css=&#8221;.vc_custom_1711013153033{padding-top: 80px !important;padding-bottom: 70px !important;}&#8221;][vc_column width=&#8221;1\/2&#8243;][\/vc_column][vc_column width=&#8221;1\/2&#8243;][\/vc_column][\/vc_row]","og_url":"https:\/\/ancon.io\/no\/ledige-stillinger\/","og_site_name":"ANCON","article_publisher":"https:\/\/www.facebook.com\/AnconKassasystem","article_modified_time":"2024-10-03T12:08:16+00:00","twitter_card":"summary_large_image","twitter_misc":{"Ansl. lesetid":"1 minutt"},"schema":{"@context":"https:\/\/schema.org","@graph":[{"@type":"WebPage","@id":"https:\/\/ancon.io\/no\/ledige-stillinger\/","url":"https:\/\/ancon.io\/no\/ledige-stillinger\/","name":"Ledige stillinger - ANCON","isPartOf":{"@id":"https:\/\/ancon.io\/no\/#website"},"datePublished":"2024-03-13T08:11:47+00:00","dateModified":"2024-10-03T12:08:16+00:00","breadcrumb":{"@id":"https:\/\/ancon.io\/no\/ledige-stillinger\/#breadcrumb"},"inLanguage":"nb-NO","potentialAction":[{"@type":"ReadAction","target":["https:\/\/ancon.io\/no\/ledige-stillinger\/"]}]},{"@type":"BreadcrumbList","@id":"https:\/\/ancon.io\/no\/ledige-stillinger\/#breadcrumb","itemListElement":[{"@type":"ListItem","position":1,"name":"Home","item":"https:\/\/ancon.io\/no\/"},{"@type":"ListItem","position":2,"name":"Ledige stillinger"}]},{"@type":"WebSite","@id":"https:\/\/ancon.io\/no\/#website","url":"https:\/\/ancon.io\/no\/","name":"ANCON","description":"","publisher":{"@id":"https:\/\/ancon.io\/no\/#organization"},"potentialAction":[{"@type":"SearchAction","target":{"@type":"EntryPoint","urlTemplate":"https:\/\/ancon.io\/no\/?s={search_term_string}"},"query-input":{"@type":"PropertyValueSpecification","valueRequired":true,"valueName":"search_term_string"}}],"inLanguage":"nb-NO"},{"@type":"Organization","@id":"https:\/\/ancon.io\/no\/#organization","name":"ANCON","url":"https:\/\/ancon.io\/no\/","logo":{"@type":"ImageObject","inLanguage":"nb-NO","@id":"https:\/\/ancon.io\/no\/#\/schema\/logo\/image\/","url":"https:\/\/ancon.io\/wp-content\/uploads\/2024\/03\/Ancon.svg","contentUrl":"https:\/\/ancon.io\/wp-content\/uploads\/2024\/03\/Ancon.svg","width":138,"height":58,"caption":"ANCON"},"image":{"@id":"https:\/\/ancon.io\/no\/#\/schema\/logo\/image\/"},"sameAs":["https:\/\/www.facebook.com\/AnconKassasystem","https:\/\/www.instagram.com\/ancon.io"]}]}},"_links":{"self":[{"href":"https:\/\/ancon.io\/no\/wp-json\/wp\/v2\/pages\/93578","targetHints":{"allow":["GET"]}}],"collection":[{"href":"https:\/\/ancon.io\/no\/wp-json\/wp\/v2\/pages"}],"about":[{"href":"https:\/\/ancon.io\/no\/wp-json\/wp\/v2\/types\/page"}],"author":[{"embeddable":true,"href":"https:\/\/ancon.io\/no\/wp-json\/wp\/v2\/users\/1"}],"replies":[{"embeddable":true,"href":"https:\/\/ancon.io\/no\/wp-json\/wp\/v2\/comments?post=93578"}],"version-history":[{"count":4,"href":"https:\/\/ancon.io\/no\/wp-json\/wp\/v2\/pages\/93578\/revisions"}],"predecessor-version":[{"id":93824,"href":"https:\/\/ancon.io\/no\/wp-json\/wp\/v2\/pages\/93578\/revisions\/93824"}],"wp:attachment":[{"href":"https:\/\/ancon.io\/no\/wp-json\/wp\/v2\/media?parent=93578"}],"curies":[{"name":"wp","href":"https:\/\/api.w.org\/{rel}","templated":true}]}}