{"id":93575,"date":"2024-03-22T11:15:31","date_gmt":"2024-03-22T10:15:31","guid":{"rendered":"https:\/\/ancon.io\/retningslinjer-for-informasjonskapsler\/"},"modified":"2024-10-03T14:06:57","modified_gmt":"2024-10-03T12:06:57","slug":"retningslinjer-for-informasjonskapsler","status":"publish","type":"page","link":"https:\/\/ancon.io\/no\/retningslinjer-for-informasjonskapsler\/","title":{"rendered":"Retningslinjer for informasjonskapsler"},"content":{"rendered":"<p>[vc_row gap=&#8221;0&#8243; content_placement=&#8221;middle&#8221; luminosity=&#8221;dark&#8221; row_scale_bg_onhover=&#8221;yes&#8221; enable_cc_circle=&#8221;yes&#8221; bg_position=&#8221;center center&#8221; enable_overlay=&#8221;yes&#8221; css=&#8221;.vc_custom_1711013253061{padding-top: 150px !important;padding-right: 30px !important;padding-bottom: 150px !important;padding-left: 30px !important;background-image: url(https:\/\/ancon.io\/wp-content\/uploads\/2024\/03\/ancon-head-14.jpg?id=6364) !important;background-position: center !important;background-repeat: no-repeat !important;background-size: cover !important;}&#8221; overlay_bg=&#8221;rgba(0, 0, 0, 0.17)&#8221; responsive_css=&#8221;padding_top_medium:250px|padding_bottom_medium:230px&#8221;][vc_column column_content_align=&#8221;justify-content-start&#8221; enable_content_animation=&#8221;yes&#8221; ca_init_scale_x=&#8221;1&#8243; ca_init_scale_y=&#8221;1&#8243; ca_init_opacity=&#8221;0&#8243; ca_an_scale_x=&#8221;1&#8243; ca_an_scale_y=&#8221;1&#8243; ca_an_opacity=&#8221;1&#8243; ca_init_scale_z=&#8221;1&#8243; ca_an_scale_z=&#8221;1&#8243; responsive_align=&#8221;text-center&#8221; ca_duration=&#8221;1800&#8243; ca_delay=&#8221;180&#8243; ca_init_translate_x=&#8221;0&#8243; ca_init_translate_y=&#8221;120&#8243;]<style>.ld_fancy_heading_69ea206468030 h1{color:rgb(255, 255, 255);}.ld_fancy_heading_69ea206468030 h1 {font-size:35px; } @media (min-width: 1200px) { .ld_fancy_heading_69ea206468030 h1 {font-size:65px; }  } .ld_fancy_heading_69ea206468030 h1 {line-height:1.4em; } .ld_fancy_heading_69ea206468030 h1 {--element-line-height:1.4em; } .ld_fancy_heading_69ea206468030 h1 {font-weight:700; } @media (min-width: 992px) { .ld_fancy_heading_69ea206468030 h1 {margin-bottom:0px !important;  }  } .ld_fancy_heading_69ea206468030 .lqd-highlight-inner{height:0.275em!important;bottom:0px!important;}.ld_fancy_heading_69ea206468030 h1 {font-size:35px; } @media (min-width: 1200px) { .ld_fancy_heading_69ea206468030 h1 {font-size:65px; }  } .ld_fancy_heading_69ea206468030 h1 {line-height:1.4em; } .ld_fancy_heading_69ea206468030 h1 {--element-line-height:1.4em; } .ld_fancy_heading_69ea206468030 h1 {font-weight:700; } @media (min-width: 992px) { .ld_fancy_heading_69ea206468030 h1 {margin-bottom:0px !important;  }  } <\/style><div class=\"ld-fancy-heading text-left ld_fancy_heading_69ea206468030\">\n\t<h1 class=\"ld-fh-element lqd-highlight-underline lqd-highlight-grow-left text-decoration-default\"   >  Retningslinjer for informasjonskapsler &#8211; Ancon AB<\/h1><\/div><style>.ld_fancy_heading_69ea206468e98 p{color:rgb(255, 255, 255);}.ld_fancy_heading_69ea206468e98 p {font-size:20px; } .ld_fancy_heading_69ea206468e98 p {line-height:1.3em; } .ld_fancy_heading_69ea206468e98 p {--element-line-height:1.3em; } .ld_fancy_heading_69ea206468e98 p {margin-bottom:1.65em !important;  } .ld_fancy_heading_69ea206468e98 .lqd-highlight-inner{height:0.275em!important;bottom:0px!important;}.ld_fancy_heading_69ea206468e98 p {font-size:20px; } .ld_fancy_heading_69ea206468e98 p {line-height:1.3em; } .ld_fancy_heading_69ea206468e98 p {--element-line-height:1.3em; } .ld_fancy_heading_69ea206468e98 p {margin-bottom:1.65em !important;  } <\/style><div class=\"ld-fancy-heading text-left ld_fancy_heading_69ea206468e98\">\n\t<p class=\"ld-fh-element lqd-highlight-underline lqd-highlight-grow-left text-decoration-default lqd-split-lines\"   data-split-text=\"true\" data-split-options='{\"type\":\"lines\"}'>  Oppdatert: desember 2022<\/p><\/div>[\/vc_column][\/vc_row][vc_row css=&#8221;.vc_custom_1711013153033{padding-top: 80px !important;padding-bottom: 70px !important;}&#8221;][vc_column]<style>.ld_fancy_heading_69ea206469923 p {margin-bottom:2.5em !important;  } .ld_fancy_heading_69ea206469923 .lqd-highlight-inner{height:0.275em!important;bottom:0px!important;}.ld_fancy_heading_69ea206469923 p {margin-bottom:2.5em !important;  } <\/style><div class=\"ld-fancy-heading ld_fancy_heading_69ea206469923\">\n\t<p class=\"ld-fh-element lqd-highlight-underline lqd-highlight-grow-left text-decoration-default\"   >  I disse retningslinjene for informasjonskapsler (&#8220;<strong>Retningslinjer<\/strong>for informasjonskapsler&#8221;) beskriver vi hvordan og hvorfor vi bruker informasjonskapsler og lignende teknologier p\u00e5 f\u00f8lgende plattformer:<\/p>\n<ul>\n<li><a href=\"https:\/\/ancon.io\/no\/\">https:\/\/ancon.io,<\/a><\/li>\n<li><a href=\"https:\/\/anconorder.com\/\">https:\/\/anconorder.com\/,<\/a> og<\/li>\n<li>mobilapplikasjonen Ancon Order.<\/li>\n<\/ul>\n<p>Plattformene ovenfor omtales i fellesskap som &#8220;<strong>nettside<\/strong>&#8220;i disse retningslinjene for informasjonskapsler<\/p>\n<h2>1. Hva er informasjonskapsler og lignende teknologier?<\/h2>\n<p>En informasjonskapsel er en liten tekstfil som lagres p\u00e5 datamaskinen eller mobilenheten din n\u00e5r du bes\u00f8ker et nettsted.<br \/>\nDet finnes ogs\u00e5 andre lignende teknologier, for eksempel pikselkoder og nettlagring (som kan brukes til \u00e5 lagre informasjon i nettleseren din).<br \/>\nI disse retningslinjene for informasjonskapsler omtales alle disse typene informasjonskapsler og teknologier som &#8220;informasjonskapsler&#8221;.<br \/>\nVi kan plassere informasjonskapsler p\u00e5 enheten din og f\u00e5 tilgang til informasjonen som er lagret i disse informasjonskapslene fra enheten din n\u00e5r du bes\u00f8ker og bruker nettstedet.<\/p>\n<h2>2. ditt samtykke er n\u00f8dvendig for bruk av informasjonskapsler<\/h2>\n<p>Med unntak av viktige informasjonskapsler, se &#8220;Hvorfor bruker vi informasjonskapsler?&#8221; i avsnitt 3 nedenfor, vil informasjonskapsler bare bli plassert p\u00e5 enheten din hvis du samtykker til den aktuelle kategorien av informasjonskapsler. Ditt samtykke til bruk av informasjonskapsler lagres i en periode p\u00e5 maksimalt 12 m\u00e5neder. Etter denne perioden vil vi be om ditt samtykke p\u00e5 nytt. Du kan n\u00e5r som helst velge \u00e5 ikke tillate eller deaktivere en kategori av informasjonskapsler, se &#8220;Hvordan du kan kontrollere bruken av informasjonskapsler&#8221; i avsnitt 7 nedenfor. V\u00e6r oppmerksom p\u00e5 at hvis du ikke tillater eller deaktiverer informasjonskapsler p\u00e5 nettstedet, kan det p\u00e5virke opplevelsen din p\u00e5 nettstedet v\u00e5rt negativt, og det kan f\u00f8re til at det ikke fungerer som tiltenkt. Hvis du for eksempel nekter informasjonskapsler for ytelse, kan det hende at vi i mindre grad kan forbedre nettstedet v\u00e5rt basert p\u00e5 dine brukerbehov.<\/p>\n<h2>3 Hvorfor bruker vi informasjonskapsler?<\/h2>\n<p>Vi bruker informasjonskapsler til ulike form\u00e5l.<br \/>\nVi bruker viktige informasjonskapsler og ytelsesinformasjonskapsler som forklart nedenfor:<\/p>\n<ul>\n<li><strong>Viktige informasjonskapsler<\/strong> brukes for \u00e5 sikre teknisk funksjonalitet og sikkerhet p\u00e5 nettstedet.<br \/>\nDisse informasjonskapslene er n\u00f8dvendige for at nettstedet v\u00e5rt skal fungere korrekt og sikkert, og for \u00e5 beskytte nettstedet.<br \/>\nDerfor kan disse informasjonskapslene ikke deaktiveres.<\/li>\n<\/ul>\n<ul>\n<li><strong>Funksjonelle informasjonskapsler<\/strong> gj\u00f8r det mulig for nettstedet \u00e5 lagre informasjon og brukes til \u00e5 gjenkjenne og huske preferansene dine (for eksempel spr\u00e5kinnstillinger).<br \/>\nDette for \u00e5 forbedre brukeropplevelsen og funksjonaliteten p\u00e5 nettstedet v\u00e5rt.<br \/>\nDisse informasjonskapslene vil kun bli brukt med ditt samtykke.<\/li>\n<\/ul>\n<ul>\n<li><strong>Ytelsesinformasjonskapsler<\/strong> brukes til \u00e5 analysere atferden til brukerne av nettstedet.<br \/>\nDe samler inn informasjon om bruken av nettstedet v\u00e5rt, inkludert hvilke sider du har bes\u00f8kt og hvor lenge.<br \/>\nInformasjonskapsler for ytelse hjelper oss blant annet med \u00e5 identifisere de mest popul\u00e6re elementene p\u00e5 nettstedet v\u00e5rt.<br \/>\nDette hjelper oss med \u00e5 utvikle og forbedre nettstedet basert p\u00e5 brukernes behov og dermed forbedre brukeropplevelsen.<br \/>\nDe vil bare bli brukt med ditt samtykke.<\/li>\n<li><strong>Informasjonskapsler for markedsf\u00f8ring<\/strong> sporer dine aktiviteter p\u00e5 nettet, inkludert dine aktiviteter p\u00e5 nettstedet v\u00e5rt og andre nettsteder, for eksempel hvilke sider du bes\u00f8ker og hvilke lenker eller annonser du klikker p\u00e5, for \u00e5 kunne tilby reklameinnhold som er mer relevant for deg og skreddersydd til dine personlige interesser og preferanser.<br \/>\nDisse vil bare bli brukt med ditt samtykke.<\/li>\n<\/ul>\n<h2>4. Hvilke typer informasjonskapsler brukes?<\/h2>\n<p>Det finnes f\u00f8rsteparts- og tredjeparts informasjonskapsler p\u00e5 nettstedet:<\/p>\n<ul>\n<li><strong>F\u00f8rsteparts informasjonskapsler<\/strong> settes av nettstedet du bes\u00f8ker.<br \/>\nF\u00f8rsteparts informasjonskapsler som brukes p\u00e5 nettstedet, settes av oss.<\/li>\n<li><strong>Tredjeparts informasjonskapsler<\/strong> settes av et annet nettsted enn det nettstedet du surfer p\u00e5 for \u00f8yeblikket, for eksempel av v\u00e5re partnere og tjenesteleverand\u00f8rer.<\/li>\n<\/ul>\n<h2>5. Hvor lenge lagres informasjonskapsler p\u00e5 enheten din?<\/h2>\n<p>Det finnes to typer informasjonskapsler som brukes p\u00e5 nettstedet, og som p\u00e5virker hvor lenge informasjonskapslene lagres:<\/p>\n<ul>\n<li><strong>\u00d8ktinformasjonskapsler<\/strong> lagres i den tiden du bruker nettstedet, og slettes n\u00e5r du lukker nettleseren.<\/li>\n<li><strong>Permanente informasjonskapsler<\/strong> lagres p\u00e5 enheten din til de utl\u00f8per eller til du sletter dem manuelt.<br \/>\nDe gj\u00f8r det mulig for oss \u00e5 huske dine preferanser og aktiviteter p\u00e5 nettstedet.<br \/>\nHvor lenge disse informasjonskapslene lagres p\u00e5 enheten din, varierer avhengig av hvilken informasjonskapsel som brukes.<\/li>\n<\/ul>\n<h2>6. DETALJERT informasjon om informasjonskapslene vi bruker<\/h2>\n<p>For mer informasjon om informasjonskapslene vi bruker til hvert form\u00e5l, varigheten (inkludert om det er en \u00f8kt- eller vedvarende informasjonskapsel), se den detaljerte listen over informasjonskapsler som er tilgjengelig i informasjonskapselbanneret og i v\u00e5rt senter for administrasjon av informasjonskapsler.<\/p>\n<h2>7. Hvordan du kan kontrollere bruken av informasjonskapsler<\/h2>\n<p>Du kan kontrollere bruken av informasjonskapsler p\u00e5 nettstedet p\u00e5 f\u00f8lgende m\u00e5te:<\/p>\n<ul>\n<li><strong>I innstillingene for informasjonskapsler som er tilgjengelige p\u00e5 nettstedet<\/strong>.<br \/>\nDu kan administrere innstillingene for informasjonskapsler i v\u00e5rt senter for administrasjon av informasjonskapsler p\u00e5 nettstedet, som vises n\u00e5r du klikker p\u00e5 lenken som er tilgjengelig fra informasjonskapselbanneret eller lenken som er tilgjengelig i bunnteksten p\u00e5 alle sider p\u00e5 nettstedet.<\/li>\n<li><strong>I nettleseren din<\/strong>.<br \/>\nDu kan administrere innstillingene for informasjonskapsler i nettleseren din.<br \/>\nFor mer informasjon om hvordan du sl\u00e5r av informasjonskapsler, se instruksjonene for nettleseren din.<br \/>\nNormalt kan du stille inn nettleseren slik at den blokkerer alle informasjonskapsler, godtar visse informasjonskapsler eller sletter informasjonskapsler n\u00e5r du lukker nettleseren.<\/li>\n<\/ul>\n<h2>8. Bruk av personopplysninger<\/h2>\n<p>Enkelte informasjonskapsler kan samle inn og lagre personopplysninger om deg, men ikke alle.<br \/>\nFor mer informasjon om v\u00e5r bruk av personopplysninger, inkludert hvordan vi samler inn, bruker og deler dine personopplysninger og hvilke rettigheter du har i forhold til v\u00e5r bruk av dine personopplysninger, kan du se v\u00e5r <a href=\"https:\/\/ancon.io\/privacy-policy\/\">https:\/\/ancon.io\/privacy-policy<\/a><\/p>\n<h2>9. Noen sp\u00f8rsm\u00e5l?<\/h2>\n<p>Hvis du har sp\u00f8rsm\u00e5l om v\u00e5r bruk av informasjonskapsler, kan du kontakte oss p\u00e5 nedenst\u00e5ende kontaktinformasjon:<br \/>\n<strong>Ancon AB <\/strong>Org.nr.: 556257-3039 Adresse: Kungsgatan 11, 451 30, Uddevalla E-post: <a href=\"mailto:privacy@ancon.io\">privacy@ancon.io<\/a><\/p><\/div>[\/vc_column][\/vc_row]<\/p>\n","protected":false},"excerpt":{"rendered":"<p>[vc_row gap=&#8221;0&#8243; content_placement=&#8221;middle&#8221; luminosity=&#8221;dark&#8221; row_scale_bg_onhover=&#8221;yes&#8221; enable_cc_circle=&#8221;yes&#8221; bg_position=&#8221;center center&#8221; enable_overlay=&#8221;yes&#8221; css=&#8221;.vc_custom_1711013253061{padding-top: 150px !important;padding-right: 30px !important;padding-bottom: 150px !important;padding-left: 30px !important;background-image: url(https:\/\/ancon.io\/wp-content\/uploads\/2024\/03\/ancon-head-14.jpg?id=6364) !important;background-position: center !important;background-repeat: no-repeat !important;background-size: cover !important;}&#8221; overlay_bg=&#8221;rgba(0, 0, 0, 0.17)&#8221; responsive_css=&#8221;padding_top_medium:250px|padding_bottom_medium:230px&#8221;][vc_column column_content_align=&#8221;justify-content-start&#8221; enable_content_animation=&#8221;yes&#8221; ca_init_scale_x=&#8221;1&#8243; ca_init_scale_y=&#8221;1&#8243; ca_init_opacity=&#8221;0&#8243; ca_an_scale_x=&#8221;1&#8243; ca_an_scale_y=&#8221;1&#8243; ca_an_opacity=&#8221;1&#8243; ca_init_scale_z=&#8221;1&#8243; ca_an_scale_z=&#8221;1&#8243; responsive_align=&#8221;text-center&#8221; ca_duration=&#8221;1800&#8243; ca_delay=&#8221;180&#8243; ca_init_translate_x=&#8221;0&#8243; ca_init_translate_y=&#8221;120&#8243;][\/vc_column][\/vc_row][vc_row css=&#8221;.vc_custom_1711013153033{padding-top: 80px !important;padding-bottom: 70px !important;}&#8221;][vc_column][\/vc_column][\/vc_row]<\/p>\n","protected":false},"author":1,"featured_media":0,"parent":0,"menu_order":0,"comment_status":"closed","ping_status":"closed","template":"","meta":{"footnotes":""},"class_list":["post-93575","page","type-page","status-publish","hentry"],"yoast_head":"<!-- This site is optimized with the Yoast SEO plugin v27.2 - https:\/\/yoast.com\/product\/yoast-seo-wordpress\/ -->\n<title>Retningslinjer for informasjonskapsler - ANCON<\/title>\n<meta name=\"robots\" content=\"index, follow, max-snippet:-1, max-image-preview:large, max-video-preview:-1\" \/>\n<link rel=\"canonical\" href=\"https:\/\/ancon.io\/no\/retningslinjer-for-informasjonskapsler\/\" \/>\n<meta property=\"og:locale\" content=\"nb_NO\" \/>\n<meta property=\"og:type\" content=\"article\" \/>\n<meta property=\"og:title\" content=\"Retningslinjer for informasjonskapsler - ANCON\" \/>\n<meta property=\"og:description\" content=\"[vc_row gap=&#8221;0&#8243; content_placement=&#8221;middle&#8221; luminosity=&#8221;dark&#8221; row_scale_bg_onhover=&#8221;yes&#8221; enable_cc_circle=&#8221;yes&#8221; bg_position=&#8221;center center&#8221; enable_overlay=&#8221;yes&#8221; css=&#8221;.vc_custom_1711013253061{padding-top: 150px !important;padding-right: 30px !important;padding-bottom: 150px !important;padding-left: 30px !important;background-image: url(https:\/\/ancon.io\/wp-content\/uploads\/2024\/03\/ancon-head-14.jpg?id=6364) !important;background-position: center !important;background-repeat: no-repeat !important;background-size: cover !important;}&#8221; overlay_bg=&#8221;rgba(0, 0, 0, 0.17)&#8221; responsive_css=&#8221;padding_top_medium:250px|padding_bottom_medium:230px&#8221;][vc_column column_content_align=&#8221;justify-content-start&#8221; enable_content_animation=&#8221;yes&#8221; ca_init_scale_x=&#8221;1&#8243; ca_init_scale_y=&#8221;1&#8243; ca_init_opacity=&#8221;0&#8243; ca_an_scale_x=&#8221;1&#8243; ca_an_scale_y=&#8221;1&#8243; ca_an_opacity=&#8221;1&#8243; ca_init_scale_z=&#8221;1&#8243; ca_an_scale_z=&#8221;1&#8243; responsive_align=&#8221;text-center&#8221; ca_duration=&#8221;1800&#8243; ca_delay=&#8221;180&#8243; ca_init_translate_x=&#8221;0&#8243; ca_init_translate_y=&#8221;120&#8243;][\/vc_column][\/vc_row][vc_row css=&#8221;.vc_custom_1711013153033{padding-top: 80px !important;padding-bottom: 70px !important;}&#8221;][vc_column][\/vc_column][\/vc_row]\" \/>\n<meta property=\"og:url\" content=\"https:\/\/ancon.io\/no\/retningslinjer-for-informasjonskapsler\/\" \/>\n<meta property=\"og:site_name\" content=\"ANCON\" \/>\n<meta property=\"article:publisher\" content=\"https:\/\/www.facebook.com\/AnconKassasystem\" \/>\n<meta property=\"article:modified_time\" content=\"2024-10-03T12:06:57+00:00\" \/>\n<meta name=\"twitter:card\" content=\"summary_large_image\" \/>\n<meta name=\"twitter:label1\" content=\"Ansl. lesetid\" \/>\n\t<meta name=\"twitter:data1\" content=\"5 minutter\" \/>\n<script type=\"application\/ld+json\" class=\"yoast-schema-graph\">{\"@context\":\"https:\/\/schema.org\",\"@graph\":[{\"@type\":\"WebPage\",\"@id\":\"https:\/\/ancon.io\/no\/retningslinjer-for-informasjonskapsler\/\",\"url\":\"https:\/\/ancon.io\/no\/retningslinjer-for-informasjonskapsler\/\",\"name\":\"Retningslinjer for informasjonskapsler - ANCON\",\"isPartOf\":{\"@id\":\"https:\/\/ancon.io\/no\/#website\"},\"datePublished\":\"2024-03-22T10:15:31+00:00\",\"dateModified\":\"2024-10-03T12:06:57+00:00\",\"breadcrumb\":{\"@id\":\"https:\/\/ancon.io\/no\/retningslinjer-for-informasjonskapsler\/#breadcrumb\"},\"inLanguage\":\"nb-NO\",\"potentialAction\":[{\"@type\":\"ReadAction\",\"target\":[\"https:\/\/ancon.io\/no\/retningslinjer-for-informasjonskapsler\/\"]}]},{\"@type\":\"BreadcrumbList\",\"@id\":\"https:\/\/ancon.io\/no\/retningslinjer-for-informasjonskapsler\/#breadcrumb\",\"itemListElement\":[{\"@type\":\"ListItem\",\"position\":1,\"name\":\"Home\",\"item\":\"https:\/\/ancon.io\/no\/\"},{\"@type\":\"ListItem\",\"position\":2,\"name\":\"Retningslinjer for informasjonskapsler\"}]},{\"@type\":\"WebSite\",\"@id\":\"https:\/\/ancon.io\/no\/#website\",\"url\":\"https:\/\/ancon.io\/no\/\",\"name\":\"ANCON\",\"description\":\"\",\"publisher\":{\"@id\":\"https:\/\/ancon.io\/no\/#organization\"},\"potentialAction\":[{\"@type\":\"SearchAction\",\"target\":{\"@type\":\"EntryPoint\",\"urlTemplate\":\"https:\/\/ancon.io\/no\/?s={search_term_string}\"},\"query-input\":{\"@type\":\"PropertyValueSpecification\",\"valueRequired\":true,\"valueName\":\"search_term_string\"}}],\"inLanguage\":\"nb-NO\"},{\"@type\":\"Organization\",\"@id\":\"https:\/\/ancon.io\/no\/#organization\",\"name\":\"ANCON\",\"url\":\"https:\/\/ancon.io\/no\/\",\"logo\":{\"@type\":\"ImageObject\",\"inLanguage\":\"nb-NO\",\"@id\":\"https:\/\/ancon.io\/no\/#\/schema\/logo\/image\/\",\"url\":\"https:\/\/ancon.io\/wp-content\/uploads\/2024\/03\/Ancon.svg\",\"contentUrl\":\"https:\/\/ancon.io\/wp-content\/uploads\/2024\/03\/Ancon.svg\",\"width\":138,\"height\":58,\"caption\":\"ANCON\"},\"image\":{\"@id\":\"https:\/\/ancon.io\/no\/#\/schema\/logo\/image\/\"},\"sameAs\":[\"https:\/\/www.facebook.com\/AnconKassasystem\",\"https:\/\/www.instagram.com\/ancon.io\"]}]}<\/script>\n<!-- \/ Yoast SEO plugin. -->","yoast_head_json":{"title":"Retningslinjer for informasjonskapsler - ANCON","robots":{"index":"index","follow":"follow","max-snippet":"max-snippet:-1","max-image-preview":"max-image-preview:large","max-video-preview":"max-video-preview:-1"},"canonical":"https:\/\/ancon.io\/no\/retningslinjer-for-informasjonskapsler\/","og_locale":"nb_NO","og_type":"article","og_title":"Retningslinjer for informasjonskapsler - ANCON","og_description":"[vc_row gap=&#8221;0&#8243; content_placement=&#8221;middle&#8221; luminosity=&#8221;dark&#8221; row_scale_bg_onhover=&#8221;yes&#8221; enable_cc_circle=&#8221;yes&#8221; bg_position=&#8221;center center&#8221; enable_overlay=&#8221;yes&#8221; css=&#8221;.vc_custom_1711013253061{padding-top: 150px !important;padding-right: 30px !important;padding-bottom: 150px !important;padding-left: 30px !important;background-image: url(https:\/\/ancon.io\/wp-content\/uploads\/2024\/03\/ancon-head-14.jpg?id=6364) !important;background-position: center !important;background-repeat: no-repeat !important;background-size: cover !important;}&#8221; overlay_bg=&#8221;rgba(0, 0, 0, 0.17)&#8221; responsive_css=&#8221;padding_top_medium:250px|padding_bottom_medium:230px&#8221;][vc_column column_content_align=&#8221;justify-content-start&#8221; enable_content_animation=&#8221;yes&#8221; ca_init_scale_x=&#8221;1&#8243; ca_init_scale_y=&#8221;1&#8243; ca_init_opacity=&#8221;0&#8243; ca_an_scale_x=&#8221;1&#8243; ca_an_scale_y=&#8221;1&#8243; ca_an_opacity=&#8221;1&#8243; ca_init_scale_z=&#8221;1&#8243; ca_an_scale_z=&#8221;1&#8243; responsive_align=&#8221;text-center&#8221; ca_duration=&#8221;1800&#8243; ca_delay=&#8221;180&#8243; ca_init_translate_x=&#8221;0&#8243; ca_init_translate_y=&#8221;120&#8243;][\/vc_column][\/vc_row][vc_row css=&#8221;.vc_custom_1711013153033{padding-top: 80px !important;padding-bottom: 70px !important;}&#8221;][vc_column][\/vc_column][\/vc_row]","og_url":"https:\/\/ancon.io\/no\/retningslinjer-for-informasjonskapsler\/","og_site_name":"ANCON","article_publisher":"https:\/\/www.facebook.com\/AnconKassasystem","article_modified_time":"2024-10-03T12:06:57+00:00","twitter_card":"summary_large_image","twitter_misc":{"Ansl. lesetid":"5 minutter"},"schema":{"@context":"https:\/\/schema.org","@graph":[{"@type":"WebPage","@id":"https:\/\/ancon.io\/no\/retningslinjer-for-informasjonskapsler\/","url":"https:\/\/ancon.io\/no\/retningslinjer-for-informasjonskapsler\/","name":"Retningslinjer for informasjonskapsler - ANCON","isPartOf":{"@id":"https:\/\/ancon.io\/no\/#website"},"datePublished":"2024-03-22T10:15:31+00:00","dateModified":"2024-10-03T12:06:57+00:00","breadcrumb":{"@id":"https:\/\/ancon.io\/no\/retningslinjer-for-informasjonskapsler\/#breadcrumb"},"inLanguage":"nb-NO","potentialAction":[{"@type":"ReadAction","target":["https:\/\/ancon.io\/no\/retningslinjer-for-informasjonskapsler\/"]}]},{"@type":"BreadcrumbList","@id":"https:\/\/ancon.io\/no\/retningslinjer-for-informasjonskapsler\/#breadcrumb","itemListElement":[{"@type":"ListItem","position":1,"name":"Home","item":"https:\/\/ancon.io\/no\/"},{"@type":"ListItem","position":2,"name":"Retningslinjer for informasjonskapsler"}]},{"@type":"WebSite","@id":"https:\/\/ancon.io\/no\/#website","url":"https:\/\/ancon.io\/no\/","name":"ANCON","description":"","publisher":{"@id":"https:\/\/ancon.io\/no\/#organization"},"potentialAction":[{"@type":"SearchAction","target":{"@type":"EntryPoint","urlTemplate":"https:\/\/ancon.io\/no\/?s={search_term_string}"},"query-input":{"@type":"PropertyValueSpecification","valueRequired":true,"valueName":"search_term_string"}}],"inLanguage":"nb-NO"},{"@type":"Organization","@id":"https:\/\/ancon.io\/no\/#organization","name":"ANCON","url":"https:\/\/ancon.io\/no\/","logo":{"@type":"ImageObject","inLanguage":"nb-NO","@id":"https:\/\/ancon.io\/no\/#\/schema\/logo\/image\/","url":"https:\/\/ancon.io\/wp-content\/uploads\/2024\/03\/Ancon.svg","contentUrl":"https:\/\/ancon.io\/wp-content\/uploads\/2024\/03\/Ancon.svg","width":138,"height":58,"caption":"ANCON"},"image":{"@id":"https:\/\/ancon.io\/no\/#\/schema\/logo\/image\/"},"sameAs":["https:\/\/www.facebook.com\/AnconKassasystem","https:\/\/www.instagram.com\/ancon.io"]}]}},"_links":{"self":[{"href":"https:\/\/ancon.io\/no\/wp-json\/wp\/v2\/pages\/93575","targetHints":{"allow":["GET"]}}],"collection":[{"href":"https:\/\/ancon.io\/no\/wp-json\/wp\/v2\/pages"}],"about":[{"href":"https:\/\/ancon.io\/no\/wp-json\/wp\/v2\/types\/page"}],"author":[{"embeddable":true,"href":"https:\/\/ancon.io\/no\/wp-json\/wp\/v2\/users\/1"}],"replies":[{"embeddable":true,"href":"https:\/\/ancon.io\/no\/wp-json\/wp\/v2\/comments?post=93575"}],"version-history":[{"count":3,"href":"https:\/\/ancon.io\/no\/wp-json\/wp\/v2\/pages\/93575\/revisions"}],"predecessor-version":[{"id":93822,"href":"https:\/\/ancon.io\/no\/wp-json\/wp\/v2\/pages\/93575\/revisions\/93822"}],"wp:attachment":[{"href":"https:\/\/ancon.io\/no\/wp-json\/wp\/v2\/media?parent=93575"}],"curies":[{"name":"wp","href":"https:\/\/api.w.org\/{rel}","templated":true}]}}